{"id":9,"date":"2020-05-09T19:03:07","date_gmt":"2020-05-09T17:03:07","guid":{"rendered":"http:\/\/test.hotel-kimmig.de\/?page_id=9"},"modified":"2024-12-19T20:18:55","modified_gmt":"2024-12-19T19:18:55","slug":"restaurant","status":"publish","type":"page","link":"https:\/\/hotel-kimmig.de\/en\/restaurant\/","title":{"rendered":"Restaurant"},"content":{"rendered":"<h2>Restaurant<\/h2>\n<p>\t\t\t<a href=\"\/en\/speisenkarte\/\" role=\"button\"><br \/>\n\t\t\t\t\t\tMenu<br \/>\n\t\t\t\t\t<\/a><\/p>\n<h2>Enjoy local deliciousness<\/h2>\n<p>Take time for the beautiful things in life. Come into our pleasant, cozy restaurant. The table is always lovingly set for you. Our attentive staff will always provide you with friendly service.<\/p>\n<figure><img loading=\"lazy\" decoding=\"async\" width=\"2560\" height=\"1707\" src=\"https:\/\/hotel-kimmig.de\/wp-content\/uploads\/2024\/10\/DSC00958-scaled.jpg\" alt=\"\" loading=\"lazy\" \/><\/figure>\n<h3>Culinary delights<\/h3>\n<p>Our menu is characterised by the freshest ingredients, regional products, reliable producers and a seasonal selection. You will find well-known dishes as well as genuine Baden-Swabian classics and international specialities. It is our pleasure to bring your very own personal wish to your plate in such a way that it will surprise you, always served with a friendly smile.<\/p>\n<figure><img loading=\"lazy\" decoding=\"async\" width=\"2560\" height=\"1707\" src=\"https:\/\/hotel-kimmig.de\/wp-content\/uploads\/2024\/10\/DSC01111-scaled.jpg\" alt=\"\" loading=\"lazy\" \/><\/figure>\n<h3>Enjoy<\/h3>\n<p>Start your day well with fresh baked goods, Black Forest ham, sausage and cheese, fresh fruit, homemade jam&#8230; and fragrant coffee. In the afternoon, enjoy the traditionally prepared Black Forest cake or delicious fruit cake.<\/p>\n<figure><img loading=\"lazy\" decoding=\"async\" width=\"2560\" height=\"1707\" src=\"https:\/\/hotel-kimmig.de\/wp-content\/uploads\/2024\/10\/DSC00984-scaled.jpg\" alt=\"\" loading=\"lazy\" \/><\/figure>\n<h3>Hospitality<\/h3>\n<p>We always treat our guests with friendly attention, a great passion for creative cooking with regional products and enthusiasm for beautiful decoration.<\/p>\n<h2>Restaurant &#038; Fireplace Room<\/h2>\n<p>Escape from everyday life and enjoy an island of peace in our restaurant.<\/p>\n<p>Feel at home in our cozy fireplace room.<\/p>\n<p>A delightful experience &#8211; our kitchen only uses fresh ingredients and regional products.<br \/>Let yourself be pampered with seasonal dishes.<\/p>\n<p>\t\t\t<a href=\"\/en\/speisenkarte\/\" role=\"button\"><br \/>\n\t\t\t\t\t\tMenu<br \/>\n\t\t\t\t\t<\/a><\/p>\n<figure><img decoding=\"async\" src=\"https:\/\/hotel-kimmig.de\/wp-content\/uploads\/elementor\/thumbs\/DSC01452-scaled-qvpgazzxdbnijxt1yc1m2sb0hf0czibjlscbw795l4.jpg\" alt=\"DSC01452\" \/><\/figure>\n<figure><img decoding=\"async\" src=\"https:\/\/hotel-kimmig.de\/wp-content\/uploads\/elementor\/thumbs\/DSC04105-scaled-qvy4n5mq1q20971iz6l9nv1vbzzs5hubv70b1pfj48.jpg\" alt=\"DSC04105\" \/><\/figure>\n<figure><img decoding=\"async\" src=\"https:\/\/hotel-kimmig.de\/wp-content\/uploads\/elementor\/thumbs\/20221120_115500-scaled-qvpg2jg7v02m2a3fcoehmx5o0kpfpkqifwz0ejspl4.jpg\" alt=\"20221120_115500\" \/><\/figure>\n<figure><img decoding=\"async\" src=\"https:\/\/hotel-kimmig.de\/wp-content\/uploads\/elementor\/thumbs\/DSC00761-scaled-qvpg57br83puyi85stufp8yolvkvipb4t3ijcrujyg.jpg\" alt=\"DSC00761\" \/><\/figure>\n<figure><img decoding=\"async\" src=\"https:\/\/hotel-kimmig.de\/wp-content\/uploads\/elementor\/thumbs\/E_1365-oqwpx69ux2bs9ti5abcx0162dkejak7b9xs4m06ow8.jpg\" alt=\"Gedeckter Tisch\" \/><\/figure>\n<figure><img decoding=\"async\" src=\"https:\/\/hotel-kimmig.de\/wp-content\/uploads\/elementor\/thumbs\/DSC00958-scaled-qvpg7pk9g75dx2l35wumcm6xmv841n9d5i55fc4rd4.jpg\" alt=\"DSC00958\" \/><\/figure>\n<figure><img decoding=\"async\" src=\"https:\/\/hotel-kimmig.de\/wp-content\/uploads\/elementor\/thumbs\/IMG_4854_01-oqwpxp2mpr1iq0qu8jhgdwfa99tvki9y0itu7jetfs.jpg\" alt=\"Restaurant\" \/><\/figure>\n<p>\t\t\t\t\t\t\t\t\t\t\t\tZur\u00fcck<br \/>\n\t\t\t\t\t\t\t\t\t\t\t\tWeiter<\/p>\n<h2>Reservation<\/h2>\n<p>We are happy to accept table reservations for our restaurant, the fireplace room or the terrace by phone or email.<\/p>\n<h2>A gift for body &#038; soul<\/h2>\n<p>Vouchers for a good meal or for an overnight stay. Whether for Christmas, an anniversary, a birthday or just because. We will be happy to issue you with a voucher tailored to your needs.<\/p>\n<p>Simply order it by phone or email.<\/p>\n<p>\t\t\t\t\t<a href=\"tel:+4978061055\" target=\"_blank\" rel=\"noopener\"><br \/>\n\t\t\t\t\t\tPhone<br \/>\n\t\t\t\t\t\t\t\t\t\t\t<\/a><br \/>\n\t\t\t\t\t<a href=\"mailto:info@hotel-kimmig.de\" target=\"_blank\" rel=\"noopener\"><br \/>\n\t\t\t\t\t\tEnvelope<br \/>\n\t\t\t\t\t\t\t\t\t\t\t<\/a><\/p>\n<figure><img decoding=\"async\" src=\"https:\/\/hotel-kimmig.de\/wp-content\/uploads\/2020\/06\/IMG_1863_01-1-768x512.jpg\" alt=\"Kiosk Schwarzwaldterrasse\" \/><\/figure>\n<figure><img decoding=\"async\" src=\"https:\/\/hotel-kimmig.de\/wp-content\/uploads\/2024\/10\/DSC00757-768x512.jpg\" alt=\"DSC00757\" \/><\/figure>\n<figure><img decoding=\"async\" src=\"https:\/\/hotel-kimmig.de\/wp-content\/uploads\/2020\/06\/IMG_1887_01-1-768x512.jpg\" alt=\"Schwarzwaldterrasse\" \/><\/figure>\n<figure><img decoding=\"async\" src=\"https:\/\/hotel-kimmig.de\/wp-content\/uploads\/2020\/06\/IMG_2011_01-1-768x512.jpg\" alt=\"Schwarzwaldterrasse\" \/><\/figure>\n<figure><img decoding=\"async\" src=\"https:\/\/hotel-kimmig.de\/wp-content\/uploads\/2020\/06\/IMG_1923_01-768x512.jpg\" alt=\"Schwarzwaldterrasse\" \/><\/figure>\n<figure><img decoding=\"async\" src=\"https:\/\/hotel-kimmig.de\/wp-content\/uploads\/2020\/06\/IMG_2151_01-1-768x512.jpg\" alt=\"Schwarzwaldterrasse\" \/><\/figure>\n<p>\t\t\t\t\t\t\t\t\t\t\t\tZur\u00fcck<br \/>\n\t\t\t\t\t\t\t\t\t\t\t\tWeiter<\/p>\n<h2>Black Forest Terrace<\/h2>\n<p>After a hike on the premium hiking trails, take a comfortable seat on a terrace and simply enjoy yourself. This is now possible in the Hotel Kimmig restaurant on our new Black Forest terrace.<\/p>\n<p>Arrive, sit down, take a deep breath, enjoy and feel good.<\/p>\n","protected":false},"excerpt":{"rendered":"<p>Restaurant Menu Enjoy local deliciousness Take time for the beautiful things in life. Come into our pleasant, cozy restaurant. The table is always lovingly set for you. Our attentive staff will always provide you with friendly service. Culinary delights Our&#8230; <\/p>\n<div class=\"readmore-section\"><a class=\"readmore-btn\" href=\"https:\/\/hotel-kimmig.de\/en\/restaurant\/\">Continue reading <i class=\"fa fa-arrow-right\"><\/i><\/a><\/div>\n","protected":false},"author":1,"featured_media":0,"parent":0,"menu_order":0,"comment_status":"closed","ping_status":"closed","template":"template-full-width-page-builder.php","meta":{"footnotes":""},"class_list":["post-9","page","type-page","status-publish","hentry"],"translation":{"provider":"WPGlobus","version":"3.0.2","language":"en","enabled_languages":["de","en"],"languages":{"de":{"title":true,"content":true,"excerpt":false},"en":{"title":true,"content":true,"excerpt":false}}},"yoast_head":"<!-- This site is optimized with the Yoast SEO plugin v27.3 - https:\/\/yoast.com\/product\/yoast-seo-wordpress\/ -->\n<title>Restaurant - Restaurant Hotel Kimmig<\/title>\n<meta name=\"robots\" content=\"index, follow, max-snippet:-1, max-image-preview:large, max-video-preview:-1\" \/>\n<link rel=\"canonical\" href=\"https:\/\/hotel-kimmig.de\/restaurant\/\" \/>\n<meta property=\"og:locale\" content=\"en_US\" \/>\n<meta property=\"og:type\" content=\"article\" \/>\n<meta property=\"og:title\" content=\"Restaurant - Restaurant Hotel Kimmig\" \/>\n<meta property=\"og:url\" content=\"https:\/\/hotel-kimmig.de\/restaurant\/\" \/>\n<meta property=\"og:site_name\" content=\"Restaurant Hotel Kimmig\" \/>\n<meta property=\"article:publisher\" content=\"https:\/\/de-de.facebook.com\/hotelkimmig\" \/>\n<meta property=\"article:modified_time\" content=\"2024-12-19T19:18:55+00:00\" \/>\n<meta property=\"og:image\" content=\"https:\/\/hotel-kimmig.de\/wp-content\/uploads\/2024\/10\/DSC00958-scaled.jpg\" \/>\n<meta name=\"twitter:card\" content=\"summary_large_image\" \/>\n<meta name=\"twitter:label1\" content=\"Est. reading time\" \/>\n\t<meta name=\"twitter:data1\" content=\"5 minutes\" \/>\n<script type=\"application\/ld+json\" class=\"yoast-schema-graph\">{\"@context\":\"https:\\\/\\\/schema.org\",\"@graph\":[{\"@type\":\"WebPage\",\"@id\":\"https:\\\/\\\/hotel-kimmig.de\\\/restaurant\\\/\",\"url\":\"https:\\\/\\\/hotel-kimmig.de\\\/restaurant\\\/\",\"name\":\"Restaurant - Restaurant Hotel Kimmig\",\"isPartOf\":{\"@id\":\"https:\\\/\\\/hotel-kimmig.de\\\/#website\"},\"primaryImageOfPage\":{\"@id\":\"https:\\\/\\\/hotel-kimmig.de\\\/restaurant\\\/#primaryimage\"},\"image\":{\"@id\":\"https:\\\/\\\/hotel-kimmig.de\\\/restaurant\\\/#primaryimage\"},\"thumbnailUrl\":\"https:\\\/\\\/hotel-kimmig.de\\\/wp-content\\\/uploads\\\/2024\\\/10\\\/DSC00958-scaled.jpg\",\"datePublished\":\"2020-05-09T17:03:07+00:00\",\"dateModified\":\"2024-12-19T19:18:55+00:00\",\"description\":\"Nehmen Sie sich Zeit f\u00fcr die sch\u00f6nen Dinge im Leben. Treten sie ein in unser angenehm, gem\u00fctliches Restaurant. Der Tisch ist stets liebevoll f\u00fcr Sie gedeckt. Unsere aufmerksamen Mitarbeiter sorgen mit immer freundlichem Service f\u00fcr Sie.\",\"breadcrumb\":{\"@id\":\"https:\\\/\\\/hotel-kimmig.de\\\/restaurant\\\/#breadcrumb\"},\"inLanguage\":\"en-US\",\"potentialAction\":[{\"@type\":\"ReadAction\",\"target\":[\"https:\\\/\\\/hotel-kimmig.de\\\/restaurant\\\/\"]}]},{\"@type\":\"ImageObject\",\"inLanguage\":\"en-US\",\"@id\":\"https:\\\/\\\/hotel-kimmig.de\\\/restaurant\\\/#primaryimage\",\"url\":\"https:\\\/\\\/hotel-kimmig.de\\\/wp-content\\\/uploads\\\/2024\\\/10\\\/DSC00958-scaled.jpg\",\"contentUrl\":\"https:\\\/\\\/hotel-kimmig.de\\\/wp-content\\\/uploads\\\/2024\\\/10\\\/DSC00958-scaled.jpg\"},{\"@type\":\"BreadcrumbList\",\"@id\":\"https:\\\/\\\/hotel-kimmig.de\\\/restaurant\\\/#breadcrumb\",\"itemListElement\":[{\"@type\":\"ListItem\",\"position\":1,\"name\":\"Startseite\",\"item\":\"https:\\\/\\\/hotel-kimmig.de\\\/\"},{\"@type\":\"ListItem\",\"position\":2,\"name\":\"Restaurant\"}]},{\"@type\":\"WebSite\",\"@id\":\"https:\\\/\\\/hotel-kimmig.de\\\/#website\",\"url\":\"https:\\\/\\\/hotel-kimmig.de\\\/\",\"name\":\"{:en}Restaurant Hotel Kimmig{:}{:de}Restaurant Hotel Kimmig{:}\",\"description\":\"Hier ist gut Gast sein\",\"publisher\":{\"@id\":\"https:\\\/\\\/hotel-kimmig.de\\\/#organization\"},\"potentialAction\":[{\"@type\":\"SearchAction\",\"target\":{\"@type\":\"EntryPoint\",\"urlTemplate\":\"https:\\\/\\\/hotel-kimmig.de\\\/?s={search_term_string}\"},\"query-input\":{\"@type\":\"PropertyValueSpecification\",\"valueRequired\":true,\"valueName\":\"search_term_string\"}}],\"inLanguage\":\"en-US\"},{\"@type\":\"Organization\",\"@id\":\"https:\\\/\\\/hotel-kimmig.de\\\/#organization\",\"name\":\"{:en}Restaurant Hotel Kimmig{:}{:de}Restaurant Hotel Kimmig{:}\",\"url\":\"https:\\\/\\\/hotel-kimmig.de\\\/\",\"logo\":{\"@type\":\"ImageObject\",\"inLanguage\":\"en-US\",\"@id\":\"https:\\\/\\\/hotel-kimmig.de\\\/#\\\/schema\\\/logo\\\/image\\\/\",\"url\":\"https:\\\/\\\/hotel-kimmig.de\\\/wp-content\\\/uploads\\\/2020\\\/05\\\/KIMMIG-EMBLEM.png\",\"contentUrl\":\"https:\\\/\\\/hotel-kimmig.de\\\/wp-content\\\/uploads\\\/2020\\\/05\\\/KIMMIG-EMBLEM.png\",\"width\":580,\"height\":580,\"caption\":\"{:en}Restaurant Hotel Kimmig{:}{:de}Restaurant Hotel Kimmig{:}\"},\"image\":{\"@id\":\"https:\\\/\\\/hotel-kimmig.de\\\/#\\\/schema\\\/logo\\\/image\\\/\"},\"sameAs\":[\"https:\\\/\\\/de-de.facebook.com\\\/hotelkimmig\",\"https:\\\/\\\/www.instagram.com\\\/hotelkimmig\"]}]}<\/script>\n<!-- \/ Yoast SEO plugin. -->","yoast_head_json":{"title":"Restaurant - Restaurant Hotel Kimmig","robots":{"index":"index","follow":"follow","max-snippet":"max-snippet:-1","max-image-preview":"max-image-preview:large","max-video-preview":"max-video-preview:-1"},"canonical":"https:\/\/hotel-kimmig.de\/restaurant\/","og_locale":"en_US","og_type":"article","og_title":"Restaurant - Restaurant Hotel Kimmig","og_url":"https:\/\/hotel-kimmig.de\/restaurant\/","og_site_name":"Restaurant Hotel Kimmig","article_publisher":"https:\/\/de-de.facebook.com\/hotelkimmig","article_modified_time":"2024-12-19T19:18:55+00:00","og_image":[{"url":"https:\/\/hotel-kimmig.de\/wp-content\/uploads\/2024\/10\/DSC00958-scaled.jpg","type":"","width":"","height":""}],"twitter_card":"summary_large_image","twitter_misc":{"Est. reading time":"5 minutes"},"schema":{"@context":"https:\/\/schema.org","@graph":[{"@type":"WebPage","@id":"https:\/\/hotel-kimmig.de\/restaurant\/","url":"https:\/\/hotel-kimmig.de\/restaurant\/","name":"Restaurant - Restaurant Hotel Kimmig","isPartOf":{"@id":"https:\/\/hotel-kimmig.de\/#website"},"primaryImageOfPage":{"@id":"https:\/\/hotel-kimmig.de\/restaurant\/#primaryimage"},"image":{"@id":"https:\/\/hotel-kimmig.de\/restaurant\/#primaryimage"},"thumbnailUrl":"https:\/\/hotel-kimmig.de\/wp-content\/uploads\/2024\/10\/DSC00958-scaled.jpg","datePublished":"2020-05-09T17:03:07+00:00","dateModified":"2024-12-19T19:18:55+00:00","description":"Nehmen Sie sich Zeit f\u00fcr die sch\u00f6nen Dinge im Leben. Treten sie ein in unser angenehm, gem\u00fctliches Restaurant. Der Tisch ist stets liebevoll f\u00fcr Sie gedeckt. Unsere aufmerksamen Mitarbeiter sorgen mit immer freundlichem Service f\u00fcr Sie.","breadcrumb":{"@id":"https:\/\/hotel-kimmig.de\/restaurant\/#breadcrumb"},"inLanguage":"en-US","potentialAction":[{"@type":"ReadAction","target":["https:\/\/hotel-kimmig.de\/restaurant\/"]}]},{"@type":"ImageObject","inLanguage":"en-US","@id":"https:\/\/hotel-kimmig.de\/restaurant\/#primaryimage","url":"https:\/\/hotel-kimmig.de\/wp-content\/uploads\/2024\/10\/DSC00958-scaled.jpg","contentUrl":"https:\/\/hotel-kimmig.de\/wp-content\/uploads\/2024\/10\/DSC00958-scaled.jpg"},{"@type":"BreadcrumbList","@id":"https:\/\/hotel-kimmig.de\/restaurant\/#breadcrumb","itemListElement":[{"@type":"ListItem","position":1,"name":"Startseite","item":"https:\/\/hotel-kimmig.de\/"},{"@type":"ListItem","position":2,"name":"Restaurant"}]},{"@type":"WebSite","@id":"https:\/\/hotel-kimmig.de\/#website","url":"https:\/\/hotel-kimmig.de\/","name":"{:en}Restaurant Hotel Kimmig{:}{:de}Restaurant Hotel Kimmig{:}","description":"Hier ist gut Gast sein","publisher":{"@id":"https:\/\/hotel-kimmig.de\/#organization"},"potentialAction":[{"@type":"SearchAction","target":{"@type":"EntryPoint","urlTemplate":"https:\/\/hotel-kimmig.de\/?s={search_term_string}"},"query-input":{"@type":"PropertyValueSpecification","valueRequired":true,"valueName":"search_term_string"}}],"inLanguage":"en-US"},{"@type":"Organization","@id":"https:\/\/hotel-kimmig.de\/#organization","name":"{:en}Restaurant Hotel Kimmig{:}{:de}Restaurant Hotel Kimmig{:}","url":"https:\/\/hotel-kimmig.de\/","logo":{"@type":"ImageObject","inLanguage":"en-US","@id":"https:\/\/hotel-kimmig.de\/#\/schema\/logo\/image\/","url":"https:\/\/hotel-kimmig.de\/wp-content\/uploads\/2020\/05\/KIMMIG-EMBLEM.png","contentUrl":"https:\/\/hotel-kimmig.de\/wp-content\/uploads\/2020\/05\/KIMMIG-EMBLEM.png","width":580,"height":580,"caption":"{:en}Restaurant Hotel Kimmig{:}{:de}Restaurant Hotel Kimmig{:}"},"image":{"@id":"https:\/\/hotel-kimmig.de\/#\/schema\/logo\/image\/"},"sameAs":["https:\/\/de-de.facebook.com\/hotelkimmig","https:\/\/www.instagram.com\/hotelkimmig"]}]}},"_links":{"self":[{"href":"https:\/\/hotel-kimmig.de\/en\/wp-json\/wp\/v2\/pages\/9","targetHints":{"allow":["GET"]}}],"collection":[{"href":"https:\/\/hotel-kimmig.de\/en\/wp-json\/wp\/v2\/pages"}],"about":[{"href":"https:\/\/hotel-kimmig.de\/en\/wp-json\/wp\/v2\/types\/page"}],"author":[{"embeddable":true,"href":"https:\/\/hotel-kimmig.de\/en\/wp-json\/wp\/v2\/users\/1"}],"replies":[{"embeddable":true,"href":"https:\/\/hotel-kimmig.de\/en\/wp-json\/wp\/v2\/comments?post=9"}],"version-history":[{"count":92,"href":"https:\/\/hotel-kimmig.de\/en\/wp-json\/wp\/v2\/pages\/9\/revisions"}],"predecessor-version":[{"id":2400,"href":"https:\/\/hotel-kimmig.de\/en\/wp-json\/wp\/v2\/pages\/9\/revisions\/2400"}],"wp:attachment":[{"href":"https:\/\/hotel-kimmig.de\/en\/wp-json\/wp\/v2\/media?parent=9"}],"curies":[{"name":"wp","href":"https:\/\/api.w.org\/{rel}","templated":true}]}}