{"id":8,"date":"2020-05-09T19:03:07","date_gmt":"2020-05-09T17:03:07","guid":{"rendered":"http:\/\/test.hotel-kimmig.de\/?page_id=8"},"modified":"2025-06-06T20:53:43","modified_gmt":"2025-06-06T18:53:43","slug":"zimmer","status":"publish","type":"page","link":"https:\/\/hotel-kimmig.de\/en\/zimmer\/","title":{"rendered":"Rooms"},"content":{"rendered":"<h2>Rooms<\/h2>\n<p>\t\t\t\t\t<a href=\"\/en\/jetzt-buchen\"><br \/>\n\t\t\t\t\t\t\t\t\tBook now<br \/>\n\t\t\t\t\t<\/a><\/p>\n<h2>ARRIVE WELL, SLEEP SOFTLY, JUST FEEL AT HOME<\/h2>\n<p>The wooden hearts that you can find in our rooms symbolize a warm welcome.<br \/>Sleep happily, wake up happy. Relax and enjoy. Feeling good from the start.<\/p>\n<h2>From 60\u20ac per night<\/h2>\n<h2><strong>Comfort room<\/strong><\/h2>\n<h5>Double room<\/h5>\n<p>Our &#8220;comfort rooms&#8221; have a bathroom with a floor-level shower, designer washbasin, toilet and hairdryer. These rooms also have a large roof balcony and 32-inch flat screen TV, telephone with direct dial number and WiFi.<\/p>\n<ul>\n<li>\n\t\t\t\t\t\t\t\t\t<\/li>\n<li>\n\t\t\t\t\t\t\t\t\t<\/li>\n<li>\n\t\t\t\t\t\t\t\t\t<\/li>\n<li>\n\t\t\t\t\t\t\t\t\t<\/li>\n<\/ul>\n<p>\t\t\t\t\t<a href=\"\/en\/jetzt-buchen\"><br \/>\n\t\t\t\t\t\t\t\t\tBook now<br \/>\n\t\t\t\t\t<\/a><br \/>\n\t\t\t\t\t\t\t\t\t\t\t\t\t\t\t<img fetchpriority=\"high\" decoding=\"async\" width=\"2560\" height=\"1707\" src=\"https:\/\/hotel-kimmig.de\/wp-content\/uploads\/2024\/10\/DSC00722-scaled.jpg\" alt=\"\" srcset=\"https:\/\/hotel-kimmig.de\/wp-content\/uploads\/2024\/10\/DSC00722-scaled.jpg 2560w, https:\/\/hotel-kimmig.de\/wp-content\/uploads\/2024\/10\/DSC00722-300x200.jpg 300w, https:\/\/hotel-kimmig.de\/wp-content\/uploads\/2024\/10\/DSC00722-1024x683.jpg 1024w, https:\/\/hotel-kimmig.de\/wp-content\/uploads\/2024\/10\/DSC00722-768x512.jpg 768w, https:\/\/hotel-kimmig.de\/wp-content\/uploads\/2024\/10\/DSC00722-1536x1024.jpg 1536w, https:\/\/hotel-kimmig.de\/wp-content\/uploads\/2024\/10\/DSC00722-2048x1365.jpg 2048w\" sizes=\"(max-width: 2560px) 100vw, 2560px\" \/>\t\t\t\t\t\t\t\t\t\t\t\t\t\t\t<\/p>\n<h2>Reside<\/h2>\n<p>Relaxing in the evening on freshly scented, feather-soft pillows, taking a refreshing shower in the sparkling clean bathroom after a restful sleep, ready for the rich and varied breakfast &#8211; what could be better?<\/p>\n<p>Our rooms are modern and cozy, lovingly decorated and welcome you with local mineral water. They are equipped with flat-screen TVs, Internet access (Wi-Fi) and sufficient storage space for your luggage. We are always happy to fulfill special requests. The view from the window is worth it: outside, nature calls &#8211; with hiking trails, views, nice places to stop for a rest and the scent of pine trees.<\/p>\n<p>\t\t\t\t\t\t\t\t\t\t\t\t\t\t\t<img decoding=\"async\" width=\"730\" height=\"487\" src=\"https:\/\/hotel-kimmig.de\/wp-content\/uploads\/2024\/10\/DSC00715-1024x683.jpg\" alt=\"\" srcset=\"https:\/\/hotel-kimmig.de\/wp-content\/uploads\/2024\/10\/DSC00715-1024x683.jpg 1024w, https:\/\/hotel-kimmig.de\/wp-content\/uploads\/2024\/10\/DSC00715-300x200.jpg 300w, https:\/\/hotel-kimmig.de\/wp-content\/uploads\/2024\/10\/DSC00715-768x512.jpg 768w, https:\/\/hotel-kimmig.de\/wp-content\/uploads\/2024\/10\/DSC00715-1536x1024.jpg 1536w, https:\/\/hotel-kimmig.de\/wp-content\/uploads\/2024\/10\/DSC00715-2048x1365.jpg 2048w\" sizes=\"(max-width: 730px) 100vw, 730px\" \/>\t\t\t\t\t\t\t\t\t\t\t\t\t\t\t<\/p>\n<h2>OUR ARRANGEMENTS AND PRICES<\/h2>\n<p>\t\t\t\t\t\t\t\t\tDouble room<br \/>\n\t\t\t\t\t\t\t\t\tand in addition &#8230;<br \/>\n\t\t\t\t\t\t\t\t\tDouble room<\/p>\n<p>Our &#8222;comfort rooms&#8220; have a bathroom with a floor-level shower, designer washbasin, toilet and hairdryer.<br \/>These rooms also have a balcony and 32-inch flat screen, telephone with direct dial number and WiFi.<br \/>Our beds are 1.80m x 2.00m in size (single and double bed).<\/p>\n<p>Use buses and trains in the Black Forest for free with the Konus guest card.<\/p>\n<p>Bath or shower, toilet, balcony, TV, telephone, WiFi, breakfast buffet<\/p>\n<ul>\n<li>Double room from \u20ac60.00 per person \/ day<\/li>\n<li>Single room from \u20ac70.00 per person \/ day<\/li>\n<\/ul>\n<p>\t\t\t\t\t\t\t\t\tand in addition &#8230;<\/p>\n<ul>\n<li>Third bed for \u20ac25.00 per day<\/li>\n<li>Half board for \u20ac26.00 (4-course menu) per person \/ day<\/li>\n<li>Children&#8217;s bed for \u20ac8.00 per day<\/li>\n<li>Children aged 6-12 for \u20ac22.00 per day<\/li>\n<li>Dog for \u20ac8.00 per day<\/li>\n<li>Garage for \u20ac5.00 per day<\/li>\n<\/ul>\n<p>\t\tYou can find current hiking packages <a href=\"\/en\/wanderpauschalen\/\">here<\/a>.\u00a0You can also book other packages directly online:<br \/>\n\t\t\t\t\t<a href=\"\/en\/jetzt-buchen\"><br \/>\n\t\t\t\t\t\t\t\t\tBook now<br \/>\n\t\t\t\t\t<\/a><br \/>\n\t\t\t\t\t\t\t\t<a data-elementor-open-lightbox=\"yes\" data-elementor-lightbox-slideshow=\"fec4191\" data-elementor-lightbox-title=\"DSC00722\" data-e-action-hash=\"#elementor-action%3Aaction%3Dlightbox%26settings%3DeyJpZCI6MjAzOCwidXJsIjoiaHR0cHM6XC9cL2hvdGVsLWtpbW1pZy5kZVwvd3AtY29udGVudFwvdXBsb2Fkc1wvMjAyNFwvMTBcL0RTQzAwNzIyLXNjYWxlZC5qcGciLCJzbGlkZXNob3ciOiJmZWM0MTkxIn0%3D\" href=\"https:\/\/hotel-kimmig.de\/wp-content\/uploads\/2024\/10\/DSC00722-scaled.jpg\"><\/p>\n<figure><img decoding=\"async\" src=\"https:\/\/hotel-kimmig.de\/wp-content\/uploads\/elementor\/thumbs\/DSC00722-scaled-qvy3lmwn8soecy78qe1x3q2hbgh4mjwv401qe4jag0.jpg\" alt=\"DSC00722\" \/><\/figure>\n<p><\/a><a data-elementor-open-lightbox=\"yes\" data-elementor-lightbox-slideshow=\"fec4191\" data-elementor-lightbox-title=\"Zimmer\" data-e-action-hash=\"#elementor-action%3Aaction%3Dlightbox%26settings%3DeyJpZCI6MTMyOCwidXJsIjoiaHR0cHM6XC9cL2hvdGVsLWtpbW1pZy5kZVwvd3AtY29udGVudFwvdXBsb2Fkc1wvMjAyMFwvMDVcL0lNR181MjQyXzAxLmpwZyIsInNsaWRlc2hvdyI6ImZlYzQxOTEifQ%3D%3D\" href=\"https:\/\/hotel-kimmig.de\/wp-content\/uploads\/2020\/05\/IMG_5242_01.jpg\"><\/p>\n<figure><img decoding=\"async\" src=\"https:\/\/hotel-kimmig.de\/wp-content\/uploads\/elementor\/thumbs\/IMG_5242_01-oq8lnewm5aslepsxbehcb7nw81h3v231gwj2udunj4.jpg\" alt=\"Zimmer\" \/><\/figure>\n<p><\/a><a data-elementor-open-lightbox=\"yes\" data-elementor-lightbox-slideshow=\"fec4191\" data-elementor-lightbox-title=\"Bad\" data-e-action-hash=\"#elementor-action%3Aaction%3Dlightbox%26settings%3DeyJpZCI6MTMyNiwidXJsIjoiaHR0cHM6XC9cL2hvdGVsLWtpbW1pZy5kZVwvd3AtY29udGVudFwvdXBsb2Fkc1wvMjAyMFwvMDVcL0lNR180OTg2XzAxLmpwZyIsInNsaWRlc2hvdyI6ImZlYzQxOTEifQ%3D%3D\" href=\"https:\/\/hotel-kimmig.de\/wp-content\/uploads\/2020\/05\/IMG_4986_01.jpg\"><\/p>\n<figure><img decoding=\"async\" src=\"https:\/\/hotel-kimmig.de\/wp-content\/uploads\/elementor\/thumbs\/IMG_4986_01-oq8lna7f74m5snzr2ug7gqul9449skkds99ng01me8.jpg\" alt=\"Bad\" \/><\/figure>\n<p><\/a><a data-elementor-open-lightbox=\"yes\" data-elementor-lightbox-slideshow=\"fec4191\" data-elementor-lightbox-title=\"DSC00715\" data-e-action-hash=\"#elementor-action%3Aaction%3Dlightbox%26settings%3DeyJpZCI6MjA0MCwidXJsIjoiaHR0cHM6XC9cL2hvdGVsLWtpbW1pZy5kZVwvd3AtY29udGVudFwvdXBsb2Fkc1wvMjAyNFwvMTBcL0RTQzAwNzE1LXNjYWxlZC5qcGciLCJzbGlkZXNob3ciOiJmZWM0MTkxIn0%3D\" href=\"https:\/\/hotel-kimmig.de\/wp-content\/uploads\/2024\/10\/DSC00715-scaled.jpg\"><\/p>\n<figure><img decoding=\"async\" src=\"https:\/\/hotel-kimmig.de\/wp-content\/uploads\/elementor\/thumbs\/DSC00715-scaled-qvy3ucuqngm62pj7t5rb8iufq5hq1gj7n5xwojlsps.jpg\" alt=\"DSC00715\" \/><\/figure>\n<p><\/a><a data-elementor-open-lightbox=\"yes\" data-elementor-lightbox-slideshow=\"fec4191\" data-elementor-lightbox-title=\"Bad\" data-e-action-hash=\"#elementor-action%3Aaction%3Dlightbox%26settings%3DeyJpZCI6MTMyMywidXJsIjoiaHR0cHM6XC9cL2hvdGVsLWtpbW1pZy5kZVwvd3AtY29udGVudFwvdXBsb2Fkc1wvMjAyMFwvMDVcL0VfMTEyMy5qcGciLCJzbGlkZXNob3ciOiJmZWM0MTkxIn0%3D\" href=\"https:\/\/hotel-kimmig.de\/wp-content\/uploads\/2020\/05\/E_1123.jpg\"><\/p>\n<figure><img decoding=\"async\" src=\"https:\/\/hotel-kimmig.de\/wp-content\/uploads\/elementor\/thumbs\/E_1123-oq8ln4ke24efv07xzs0g1s9tosw2idxzrhcqkc9zfk.jpg\" alt=\"Bad\" \/><\/figure>\n<p><\/a><a data-elementor-open-lightbox=\"yes\" data-elementor-lightbox-slideshow=\"fec4191\" data-elementor-lightbox-title=\"Bad\" data-e-action-hash=\"#elementor-action%3Aaction%3Dlightbox%26settings%3DeyJpZCI6MTM0NywidXJsIjoiaHR0cHM6XC9cL2hvdGVsLWtpbW1pZy5kZVwvd3AtY29udGVudFwvdXBsb2Fkc1wvMjAyMFwvMDVcL0VfMTA4OC5qcGciLCJzbGlkZXNob3ciOiJmZWM0MTkxIn0%3D\" href=\"https:\/\/hotel-kimmig.de\/wp-content\/uploads\/2020\/05\/E_1088.jpg\"><\/p>\n<figure><img decoding=\"async\" src=\"https:\/\/hotel-kimmig.de\/wp-content\/uploads\/elementor\/thumbs\/E_1088-oq8n79he7x8x8mog71kbymauv8787msw5byod91jts.jpg\" alt=\"Bad\" \/><\/figure>\n<p><\/a><a data-elementor-open-lightbox=\"yes\" data-elementor-lightbox-slideshow=\"fec4191\" data-elementor-lightbox-title=\"Zimmer\" data-e-action-hash=\"#elementor-action%3Aaction%3Dlightbox%26settings%3DeyJpZCI6MTMyNCwidXJsIjoiaHR0cHM6XC9cL2hvdGVsLWtpbW1pZy5kZVwvd3AtY29udGVudFwvdXBsb2Fkc1wvMjAyMFwvMDVcL0VfMTE0MS5qcGciLCJzbGlkZXNob3ciOiJmZWM0MTkxIn0%3D\" href=\"https:\/\/hotel-kimmig.de\/wp-content\/uploads\/2020\/05\/E_1141.jpg\"><\/p>\n<figure><img decoding=\"async\" src=\"https:\/\/hotel-kimmig.de\/wp-content\/uploads\/elementor\/thumbs\/E_1141-oq8ln6g2fsh0i857ostp6rsqvkmsxs5gfqnpiw7734.jpg\" alt=\"Zimmer Bett\" \/><\/figure>\n<p><\/a><a data-elementor-open-lightbox=\"yes\" data-elementor-lightbox-slideshow=\"fec4191\" data-elementor-lightbox-title=\"Zimmer\" data-e-action-hash=\"#elementor-action%3Aaction%3Dlightbox%26settings%3DeyJpZCI6MTMyNSwidXJsIjoiaHR0cHM6XC9cL2hvdGVsLWtpbW1pZy5kZVwvd3AtY29udGVudFwvdXBsb2Fkc1wvMjAyMFwvMDVcL0lNR180OTc4XzAxLmpwZyIsInNsaWRlc2hvdyI6ImZlYzQxOTEifQ%3D%3D\" href=\"https:\/\/hotel-kimmig.de\/wp-content\/uploads\/2020\/05\/IMG_4978_01.jpg\"><\/p>\n<figure><img decoding=\"async\" src=\"https:\/\/hotel-kimmig.de\/wp-content\/uploads\/elementor\/thumbs\/IMG_4978_01-oq8ln8bqtgjl5g2hdtmybrbo2cdjd6cx3zyohg4eqo.jpg\" alt=\"Zimmer TV\" \/><\/figure>\n<p><\/a><a data-elementor-open-lightbox=\"yes\" data-elementor-lightbox-slideshow=\"fec4191\" data-elementor-lightbox-title=\"Zimmer\" data-e-action-hash=\"#elementor-action%3Aaction%3Dlightbox%26settings%3DeyJpZCI6MTMyNywidXJsIjoiaHR0cHM6XC9cL2hvdGVsLWtpbW1pZy5kZVwvd3AtY29udGVudFwvdXBsb2Fkc1wvMjAyMFwvMDVcL0lNR181MTYyXzAxLmpwZyIsInNsaWRlc2hvdyI6ImZlYzQxOTEifQ%3D%3D\" href=\"https:\/\/hotel-kimmig.de\/wp-content\/uploads\/2020\/05\/IMG_5162_01.jpg\"><\/p>\n<figure><img decoding=\"async\" src=\"https:\/\/hotel-kimmig.de\/wp-content\/uploads\/elementor\/thumbs\/IMG_5162_01-oq8lnd0xrmq0rhvnmdo3684z19qdfnvksn83vtxfvk.jpg\" alt=\"Zimmer\" \/><\/figure>\n<p><\/a>\t\t\t<\/p>\n<h2>Or send us a room request<\/h2>\n","protected":false},"excerpt":{"rendered":"<p>Rooms Book now ARRIVE WELL, SLEEP SOFTLY, JUST FEEL AT HOME The wooden hearts that you can find in our rooms symbolize a warm welcome.Sleep happily, wake up happy. Relax and enjoy. Feeling good from the start. From 60\u20ac per&#8230; <\/p>\n<div class=\"readmore-section\"><a class=\"readmore-btn\" href=\"https:\/\/hotel-kimmig.de\/en\/zimmer\/\">Continue reading <i class=\"fa fa-arrow-right\"><\/i><\/a><\/div>\n","protected":false},"author":1,"featured_media":0,"parent":0,"menu_order":0,"comment_status":"closed","ping_status":"closed","template":"template-full-width-page-builder.php","meta":{"footnotes":""},"class_list":["post-8","page","type-page","status-publish","hentry"],"translation":{"provider":"WPGlobus","version":"3.0.2","language":"en","enabled_languages":["de","en"],"languages":{"de":{"title":true,"content":true,"excerpt":false},"en":{"title":true,"content":true,"excerpt":false}}},"yoast_head":"<!-- This site is optimized with the Yoast SEO plugin v27.3 - https:\/\/yoast.com\/product\/yoast-seo-wordpress\/ -->\n<title>Rooms - Restaurant Hotel Kimmig<\/title>\n<meta name=\"robots\" content=\"index, follow, max-snippet:-1, max-image-preview:large, max-video-preview:-1\" \/>\n<link rel=\"canonical\" href=\"https:\/\/hotel-kimmig.de\/zimmer\/\" \/>\n<meta property=\"og:locale\" content=\"en_US\" \/>\n<meta property=\"og:type\" content=\"article\" \/>\n<meta property=\"og:title\" content=\"Rooms - Restaurant Hotel Kimmig\" \/>\n<meta property=\"og:url\" content=\"https:\/\/hotel-kimmig.de\/zimmer\/\" \/>\n<meta property=\"og:site_name\" content=\"Restaurant Hotel Kimmig\" \/>\n<meta property=\"article:publisher\" content=\"https:\/\/de-de.facebook.com\/hotelkimmig\" \/>\n<meta property=\"article:modified_time\" content=\"2025-06-06T18:53:43+00:00\" \/>\n<meta property=\"og:image\" content=\"https:\/\/hotel-kimmig.de\/wp-content\/uploads\/2024\/10\/DSC00722-scaled.jpg\" \/>\n\t<meta property=\"og:image:width\" content=\"2560\" \/>\n\t<meta property=\"og:image:height\" content=\"1707\" \/>\n\t<meta property=\"og:image:type\" content=\"image\/jpeg\" \/>\n<meta name=\"twitter:card\" content=\"summary_large_image\" \/>\n<meta name=\"twitter:label1\" content=\"Est. reading time\" \/>\n\t<meta name=\"twitter:data1\" content=\"6 minutes\" \/>\n<script type=\"application\/ld+json\" class=\"yoast-schema-graph\">{\"@context\":\"https:\\\/\\\/schema.org\",\"@graph\":[{\"@type\":\"WebPage\",\"@id\":\"https:\\\/\\\/hotel-kimmig.de\\\/zimmer\\\/\",\"url\":\"https:\\\/\\\/hotel-kimmig.de\\\/zimmer\\\/\",\"name\":\"Rooms - Restaurant Hotel Kimmig\",\"isPartOf\":{\"@id\":\"https:\\\/\\\/hotel-kimmig.de\\\/#website\"},\"primaryImageOfPage\":{\"@id\":\"https:\\\/\\\/hotel-kimmig.de\\\/zimmer\\\/#primaryimage\"},\"image\":{\"@id\":\"https:\\\/\\\/hotel-kimmig.de\\\/zimmer\\\/#primaryimage\"},\"thumbnailUrl\":\"https:\\\/\\\/hotel-kimmig.de\\\/wp-content\\\/uploads\\\/2024\\\/10\\\/DSC00722-scaled.jpg\",\"datePublished\":\"2020-05-09T17:03:07+00:00\",\"dateModified\":\"2025-06-06T18:53:43+00:00\",\"description\":\"Herzlich Willkommen symbolisieren die h\u00f6lzernen Herzen, die sie in unseren Zimmern finden k\u00f6nnen.Gl\u00fccklich schlafen, fr\u00f6hlich aufstehen. Entspannen und Genie\u00dfen. Wohlsein von Anfang an.\",\"breadcrumb\":{\"@id\":\"https:\\\/\\\/hotel-kimmig.de\\\/zimmer\\\/#breadcrumb\"},\"inLanguage\":\"en-US\",\"potentialAction\":[{\"@type\":\"ReadAction\",\"target\":[\"https:\\\/\\\/hotel-kimmig.de\\\/zimmer\\\/\"]}]},{\"@type\":\"ImageObject\",\"inLanguage\":\"en-US\",\"@id\":\"https:\\\/\\\/hotel-kimmig.de\\\/zimmer\\\/#primaryimage\",\"url\":\"https:\\\/\\\/hotel-kimmig.de\\\/wp-content\\\/uploads\\\/2024\\\/10\\\/DSC00722-scaled.jpg\",\"contentUrl\":\"https:\\\/\\\/hotel-kimmig.de\\\/wp-content\\\/uploads\\\/2024\\\/10\\\/DSC00722-scaled.jpg\"},{\"@type\":\"BreadcrumbList\",\"@id\":\"https:\\\/\\\/hotel-kimmig.de\\\/zimmer\\\/#breadcrumb\",\"itemListElement\":[{\"@type\":\"ListItem\",\"position\":1,\"name\":\"Startseite\",\"item\":\"https:\\\/\\\/hotel-kimmig.de\\\/\"},{\"@type\":\"ListItem\",\"position\":2,\"name\":\"Zimmer\"}]},{\"@type\":\"WebSite\",\"@id\":\"https:\\\/\\\/hotel-kimmig.de\\\/#website\",\"url\":\"https:\\\/\\\/hotel-kimmig.de\\\/\",\"name\":\"{:en}Restaurant Hotel Kimmig{:}{:de}Restaurant Hotel Kimmig{:}\",\"description\":\"Hier ist gut Gast sein\",\"publisher\":{\"@id\":\"https:\\\/\\\/hotel-kimmig.de\\\/#organization\"},\"potentialAction\":[{\"@type\":\"SearchAction\",\"target\":{\"@type\":\"EntryPoint\",\"urlTemplate\":\"https:\\\/\\\/hotel-kimmig.de\\\/?s={search_term_string}\"},\"query-input\":{\"@type\":\"PropertyValueSpecification\",\"valueRequired\":true,\"valueName\":\"search_term_string\"}}],\"inLanguage\":\"en-US\"},{\"@type\":\"Organization\",\"@id\":\"https:\\\/\\\/hotel-kimmig.de\\\/#organization\",\"name\":\"{:en}Restaurant Hotel Kimmig{:}{:de}Restaurant Hotel Kimmig{:}\",\"url\":\"https:\\\/\\\/hotel-kimmig.de\\\/\",\"logo\":{\"@type\":\"ImageObject\",\"inLanguage\":\"en-US\",\"@id\":\"https:\\\/\\\/hotel-kimmig.de\\\/#\\\/schema\\\/logo\\\/image\\\/\",\"url\":\"https:\\\/\\\/hotel-kimmig.de\\\/wp-content\\\/uploads\\\/2020\\\/05\\\/KIMMIG-EMBLEM.png\",\"contentUrl\":\"https:\\\/\\\/hotel-kimmig.de\\\/wp-content\\\/uploads\\\/2020\\\/05\\\/KIMMIG-EMBLEM.png\",\"width\":580,\"height\":580,\"caption\":\"{:en}Restaurant Hotel Kimmig{:}{:de}Restaurant Hotel Kimmig{:}\"},\"image\":{\"@id\":\"https:\\\/\\\/hotel-kimmig.de\\\/#\\\/schema\\\/logo\\\/image\\\/\"},\"sameAs\":[\"https:\\\/\\\/de-de.facebook.com\\\/hotelkimmig\",\"https:\\\/\\\/www.instagram.com\\\/hotelkimmig\"]}]}<\/script>\n<!-- \/ Yoast SEO plugin. -->","yoast_head_json":{"title":"Rooms - Restaurant Hotel Kimmig","robots":{"index":"index","follow":"follow","max-snippet":"max-snippet:-1","max-image-preview":"max-image-preview:large","max-video-preview":"max-video-preview:-1"},"canonical":"https:\/\/hotel-kimmig.de\/zimmer\/","og_locale":"en_US","og_type":"article","og_title":"Rooms - Restaurant Hotel Kimmig","og_url":"https:\/\/hotel-kimmig.de\/zimmer\/","og_site_name":"Restaurant Hotel Kimmig","article_publisher":"https:\/\/de-de.facebook.com\/hotelkimmig","article_modified_time":"2025-06-06T18:53:43+00:00","og_image":[{"width":2560,"height":1707,"url":"https:\/\/hotel-kimmig.de\/wp-content\/uploads\/2024\/10\/DSC00722-scaled.jpg","type":"image\/jpeg"}],"twitter_card":"summary_large_image","twitter_misc":{"Est. reading time":"6 minutes"},"schema":{"@context":"https:\/\/schema.org","@graph":[{"@type":"WebPage","@id":"https:\/\/hotel-kimmig.de\/zimmer\/","url":"https:\/\/hotel-kimmig.de\/zimmer\/","name":"Rooms - Restaurant Hotel Kimmig","isPartOf":{"@id":"https:\/\/hotel-kimmig.de\/#website"},"primaryImageOfPage":{"@id":"https:\/\/hotel-kimmig.de\/zimmer\/#primaryimage"},"image":{"@id":"https:\/\/hotel-kimmig.de\/zimmer\/#primaryimage"},"thumbnailUrl":"https:\/\/hotel-kimmig.de\/wp-content\/uploads\/2024\/10\/DSC00722-scaled.jpg","datePublished":"2020-05-09T17:03:07+00:00","dateModified":"2025-06-06T18:53:43+00:00","description":"Herzlich Willkommen symbolisieren die h\u00f6lzernen Herzen, die sie in unseren Zimmern finden k\u00f6nnen.Gl\u00fccklich schlafen, fr\u00f6hlich aufstehen. Entspannen und Genie\u00dfen. Wohlsein von Anfang an.","breadcrumb":{"@id":"https:\/\/hotel-kimmig.de\/zimmer\/#breadcrumb"},"inLanguage":"en-US","potentialAction":[{"@type":"ReadAction","target":["https:\/\/hotel-kimmig.de\/zimmer\/"]}]},{"@type":"ImageObject","inLanguage":"en-US","@id":"https:\/\/hotel-kimmig.de\/zimmer\/#primaryimage","url":"https:\/\/hotel-kimmig.de\/wp-content\/uploads\/2024\/10\/DSC00722-scaled.jpg","contentUrl":"https:\/\/hotel-kimmig.de\/wp-content\/uploads\/2024\/10\/DSC00722-scaled.jpg"},{"@type":"BreadcrumbList","@id":"https:\/\/hotel-kimmig.de\/zimmer\/#breadcrumb","itemListElement":[{"@type":"ListItem","position":1,"name":"Startseite","item":"https:\/\/hotel-kimmig.de\/"},{"@type":"ListItem","position":2,"name":"Zimmer"}]},{"@type":"WebSite","@id":"https:\/\/hotel-kimmig.de\/#website","url":"https:\/\/hotel-kimmig.de\/","name":"{:en}Restaurant Hotel Kimmig{:}{:de}Restaurant Hotel Kimmig{:}","description":"Hier ist gut Gast sein","publisher":{"@id":"https:\/\/hotel-kimmig.de\/#organization"},"potentialAction":[{"@type":"SearchAction","target":{"@type":"EntryPoint","urlTemplate":"https:\/\/hotel-kimmig.de\/?s={search_term_string}"},"query-input":{"@type":"PropertyValueSpecification","valueRequired":true,"valueName":"search_term_string"}}],"inLanguage":"en-US"},{"@type":"Organization","@id":"https:\/\/hotel-kimmig.de\/#organization","name":"{:en}Restaurant Hotel Kimmig{:}{:de}Restaurant Hotel Kimmig{:}","url":"https:\/\/hotel-kimmig.de\/","logo":{"@type":"ImageObject","inLanguage":"en-US","@id":"https:\/\/hotel-kimmig.de\/#\/schema\/logo\/image\/","url":"https:\/\/hotel-kimmig.de\/wp-content\/uploads\/2020\/05\/KIMMIG-EMBLEM.png","contentUrl":"https:\/\/hotel-kimmig.de\/wp-content\/uploads\/2020\/05\/KIMMIG-EMBLEM.png","width":580,"height":580,"caption":"{:en}Restaurant Hotel Kimmig{:}{:de}Restaurant Hotel Kimmig{:}"},"image":{"@id":"https:\/\/hotel-kimmig.de\/#\/schema\/logo\/image\/"},"sameAs":["https:\/\/de-de.facebook.com\/hotelkimmig","https:\/\/www.instagram.com\/hotelkimmig"]}]}},"_links":{"self":[{"href":"https:\/\/hotel-kimmig.de\/en\/wp-json\/wp\/v2\/pages\/8","targetHints":{"allow":["GET"]}}],"collection":[{"href":"https:\/\/hotel-kimmig.de\/en\/wp-json\/wp\/v2\/pages"}],"about":[{"href":"https:\/\/hotel-kimmig.de\/en\/wp-json\/wp\/v2\/types\/page"}],"author":[{"embeddable":true,"href":"https:\/\/hotel-kimmig.de\/en\/wp-json\/wp\/v2\/users\/1"}],"replies":[{"embeddable":true,"href":"https:\/\/hotel-kimmig.de\/en\/wp-json\/wp\/v2\/comments?post=8"}],"version-history":[{"count":113,"href":"https:\/\/hotel-kimmig.de\/en\/wp-json\/wp\/v2\/pages\/8\/revisions"}],"predecessor-version":[{"id":2562,"href":"https:\/\/hotel-kimmig.de\/en\/wp-json\/wp\/v2\/pages\/8\/revisions\/2562"}],"wp:attachment":[{"href":"https:\/\/hotel-kimmig.de\/en\/wp-json\/wp\/v2\/media?parent=8"}],"curies":[{"name":"wp","href":"https:\/\/api.w.org\/{rel}","templated":true}]}}