{"id":1205,"date":"2020-05-18T18:39:37","date_gmt":"2020-05-18T16:39:37","guid":{"rendered":"http:\/\/test.hotel-kimmig.de\/?page_id=1205"},"modified":"2024-12-19T20:16:32","modified_gmt":"2024-12-19T19:16:32","slug":"speisenkarte","status":"publish","type":"page","link":"https:\/\/hotel-kimmig.de\/en\/speisenkarte\/","title":{"rendered":"Speisenkarte"},"content":{"rendered":"<h2>Menu<\/h2>\n<p>\t\t\t<a href=\"tel:+4978061055\" role=\"button\"><br \/>\n\t\t\t\t\t\tReserve now<br \/>\n\t\t\t\t\t<\/a><br \/>\n\t\t\t<a href=\"mailto:info@hotel-kimmig.de\" role=\"button\"><br \/>\n\t\t\t\t\t\tReserve now<br \/>\n\t\t\t\t\t<\/a><\/p>\n<h2>MEN\u00dc DER WOCHE<\/h2>\n<h2>STARTERS<\/h2>\n<h2>SOUPS<\/h2>\n<h2>SALADS, CRISPY AND FRESH<\/h2>\n<h2>MAIN COURSES<\/h2>\n<h2>FISH<\/h2>\n<h2>VEGETARIAN<\/h2>\n<h2>DESSERT RECOMMENDATION<\/h2>\n<h2>VESPERKARTE<\/h2>\n","protected":false},"excerpt":{"rendered":"<p>Menu Reserve now Reserve now MEN\u00dc DER WOCHE STARTERS SOUPS SALADS, CRISPY AND FRESH MAIN COURSES FISH VEGETARIAN DESSERT RECOMMENDATION VESPERKARTE<\/p>\n","protected":false},"author":1,"featured_media":0,"parent":0,"menu_order":0,"comment_status":"closed","ping_status":"closed","template":"template-full-width-page-builder.php","meta":{"footnotes":""},"class_list":["post-1205","page","type-page","status-publish","hentry"],"translation":{"provider":"WPGlobus","version":"3.0.2","language":"en","enabled_languages":["de","en"],"languages":{"de":{"title":true,"content":true,"excerpt":false},"en":{"title":true,"content":true,"excerpt":false}}},"yoast_head":"<!-- This site is optimized with the Yoast SEO plugin v27.4 - https:\/\/yoast.com\/product\/yoast-seo-wordpress\/ -->\n<title>Speisenkarte - Restaurant Hotel Kimmig<\/title>\n<meta name=\"robots\" content=\"index, follow, max-snippet:-1, max-image-preview:large, max-video-preview:-1\" \/>\n<link rel=\"canonical\" href=\"https:\/\/hotel-kimmig.de\/speisenkarte\/\" \/>\n<meta property=\"og:locale\" content=\"en_US\" \/>\n<meta property=\"og:type\" content=\"article\" \/>\n<meta property=\"og:title\" content=\"Speisenkarte - Restaurant Hotel Kimmig\" \/>\n<meta property=\"og:url\" content=\"https:\/\/hotel-kimmig.de\/speisenkarte\/\" \/>\n<meta property=\"og:site_name\" content=\"Restaurant Hotel Kimmig\" \/>\n<meta property=\"article:publisher\" content=\"https:\/\/de-de.facebook.com\/hotelkimmig\" \/>\n<meta property=\"article:modified_time\" content=\"2024-12-19T19:16:32+00:00\" \/>\n<meta property=\"og:image\" content=\"https:\/\/hotel-kimmig.de\/wp-content\/uploads\/2024\/10\/IMG_7995-2.jpg\" \/>\n\t<meta property=\"og:image:width\" content=\"2400\" \/>\n\t<meta property=\"og:image:height\" content=\"1600\" \/>\n\t<meta property=\"og:image:type\" content=\"image\/jpeg\" \/>\n<meta name=\"twitter:card\" content=\"summary_large_image\" \/>\n<meta name=\"twitter:label1\" content=\"Est. reading time\" \/>\n\t<meta name=\"twitter:data1\" content=\"1 minute\" \/>\n<script type=\"application\/ld+json\" class=\"yoast-schema-graph\">{\"@context\":\"https:\\\/\\\/schema.org\",\"@graph\":[{\"@type\":\"WebPage\",\"@id\":\"https:\\\/\\\/hotel-kimmig.de\\\/speisenkarte\\\/\",\"url\":\"https:\\\/\\\/hotel-kimmig.de\\\/speisenkarte\\\/\",\"name\":\"Speisenkarte - Restaurant Hotel Kimmig\",\"isPartOf\":{\"@id\":\"https:\\\/\\\/hotel-kimmig.de\\\/#website\"},\"datePublished\":\"2020-05-18T16:39:37+00:00\",\"dateModified\":\"2024-12-19T19:16:32+00:00\",\"description\":\"Entfliehen Sie dem Alltag und genie\u00dfen Sie eine Insel voller Ruhe in unserem Restaurant .F\u00fchlen Sie sich wie zu Hause in unserem gem\u00fctlichen Kaminzimmer. Genussvolles Erleben \u2013 in unserer K\u00fcche werden ausschlie\u00dflich frische Zutaten & regionale Produkte verarbeitet. Lassen Sie sich von saisonal Gerichten verw\u00f6hnen.\",\"breadcrumb\":{\"@id\":\"https:\\\/\\\/hotel-kimmig.de\\\/speisenkarte\\\/#breadcrumb\"},\"inLanguage\":\"en-US\",\"potentialAction\":[{\"@type\":\"ReadAction\",\"target\":[\"https:\\\/\\\/hotel-kimmig.de\\\/speisenkarte\\\/\"]}]},{\"@type\":\"BreadcrumbList\",\"@id\":\"https:\\\/\\\/hotel-kimmig.de\\\/speisenkarte\\\/#breadcrumb\",\"itemListElement\":[{\"@type\":\"ListItem\",\"position\":1,\"name\":\"Startseite\",\"item\":\"https:\\\/\\\/hotel-kimmig.de\\\/\"},{\"@type\":\"ListItem\",\"position\":2,\"name\":\"Speisenkarte\"}]},{\"@type\":\"WebSite\",\"@id\":\"https:\\\/\\\/hotel-kimmig.de\\\/#website\",\"url\":\"https:\\\/\\\/hotel-kimmig.de\\\/\",\"name\":\"{:en}Restaurant Hotel Kimmig{:}{:de}Restaurant Hotel Kimmig{:}\",\"description\":\"Hier ist gut Gast sein\",\"publisher\":{\"@id\":\"https:\\\/\\\/hotel-kimmig.de\\\/#organization\"},\"potentialAction\":[{\"@type\":\"SearchAction\",\"target\":{\"@type\":\"EntryPoint\",\"urlTemplate\":\"https:\\\/\\\/hotel-kimmig.de\\\/?s={search_term_string}\"},\"query-input\":{\"@type\":\"PropertyValueSpecification\",\"valueRequired\":true,\"valueName\":\"search_term_string\"}}],\"inLanguage\":\"en-US\"},{\"@type\":\"Organization\",\"@id\":\"https:\\\/\\\/hotel-kimmig.de\\\/#organization\",\"name\":\"{:en}Restaurant Hotel Kimmig{:}{:de}Restaurant Hotel Kimmig{:}\",\"url\":\"https:\\\/\\\/hotel-kimmig.de\\\/\",\"logo\":{\"@type\":\"ImageObject\",\"inLanguage\":\"en-US\",\"@id\":\"https:\\\/\\\/hotel-kimmig.de\\\/#\\\/schema\\\/logo\\\/image\\\/\",\"url\":\"https:\\\/\\\/hotel-kimmig.de\\\/wp-content\\\/uploads\\\/2020\\\/05\\\/KIMMIG-EMBLEM.png\",\"contentUrl\":\"https:\\\/\\\/hotel-kimmig.de\\\/wp-content\\\/uploads\\\/2020\\\/05\\\/KIMMIG-EMBLEM.png\",\"width\":580,\"height\":580,\"caption\":\"{:en}Restaurant Hotel Kimmig{:}{:de}Restaurant Hotel Kimmig{:}\"},\"image\":{\"@id\":\"https:\\\/\\\/hotel-kimmig.de\\\/#\\\/schema\\\/logo\\\/image\\\/\"},\"sameAs\":[\"https:\\\/\\\/de-de.facebook.com\\\/hotelkimmig\",\"https:\\\/\\\/www.instagram.com\\\/hotelkimmig\"]}]}<\/script>\n<!-- \/ Yoast SEO plugin. -->","yoast_head_json":{"title":"Speisenkarte - Restaurant Hotel Kimmig","robots":{"index":"index","follow":"follow","max-snippet":"max-snippet:-1","max-image-preview":"max-image-preview:large","max-video-preview":"max-video-preview:-1"},"canonical":"https:\/\/hotel-kimmig.de\/speisenkarte\/","og_locale":"en_US","og_type":"article","og_title":"Speisenkarte - Restaurant Hotel Kimmig","og_url":"https:\/\/hotel-kimmig.de\/speisenkarte\/","og_site_name":"Restaurant Hotel Kimmig","article_publisher":"https:\/\/de-de.facebook.com\/hotelkimmig","article_modified_time":"2024-12-19T19:16:32+00:00","og_image":[{"width":2400,"height":1600,"url":"https:\/\/hotel-kimmig.de\/wp-content\/uploads\/2024\/10\/IMG_7995-2.jpg","type":"image\/jpeg"}],"twitter_card":"summary_large_image","twitter_misc":{"Est. reading time":"1 minute"},"schema":{"@context":"https:\/\/schema.org","@graph":[{"@type":"WebPage","@id":"https:\/\/hotel-kimmig.de\/speisenkarte\/","url":"https:\/\/hotel-kimmig.de\/speisenkarte\/","name":"Speisenkarte - Restaurant Hotel Kimmig","isPartOf":{"@id":"https:\/\/hotel-kimmig.de\/#website"},"datePublished":"2020-05-18T16:39:37+00:00","dateModified":"2024-12-19T19:16:32+00:00","description":"Entfliehen Sie dem Alltag und genie\u00dfen Sie eine Insel voller Ruhe in unserem Restaurant .F\u00fchlen Sie sich wie zu Hause in unserem gem\u00fctlichen Kaminzimmer. Genussvolles Erleben \u2013 in unserer K\u00fcche werden ausschlie\u00dflich frische Zutaten & regionale Produkte verarbeitet. Lassen Sie sich von saisonal Gerichten verw\u00f6hnen.","breadcrumb":{"@id":"https:\/\/hotel-kimmig.de\/speisenkarte\/#breadcrumb"},"inLanguage":"en-US","potentialAction":[{"@type":"ReadAction","target":["https:\/\/hotel-kimmig.de\/speisenkarte\/"]}]},{"@type":"BreadcrumbList","@id":"https:\/\/hotel-kimmig.de\/speisenkarte\/#breadcrumb","itemListElement":[{"@type":"ListItem","position":1,"name":"Startseite","item":"https:\/\/hotel-kimmig.de\/"},{"@type":"ListItem","position":2,"name":"Speisenkarte"}]},{"@type":"WebSite","@id":"https:\/\/hotel-kimmig.de\/#website","url":"https:\/\/hotel-kimmig.de\/","name":"{:en}Restaurant Hotel Kimmig{:}{:de}Restaurant Hotel Kimmig{:}","description":"Hier ist gut Gast sein","publisher":{"@id":"https:\/\/hotel-kimmig.de\/#organization"},"potentialAction":[{"@type":"SearchAction","target":{"@type":"EntryPoint","urlTemplate":"https:\/\/hotel-kimmig.de\/?s={search_term_string}"},"query-input":{"@type":"PropertyValueSpecification","valueRequired":true,"valueName":"search_term_string"}}],"inLanguage":"en-US"},{"@type":"Organization","@id":"https:\/\/hotel-kimmig.de\/#organization","name":"{:en}Restaurant Hotel Kimmig{:}{:de}Restaurant Hotel Kimmig{:}","url":"https:\/\/hotel-kimmig.de\/","logo":{"@type":"ImageObject","inLanguage":"en-US","@id":"https:\/\/hotel-kimmig.de\/#\/schema\/logo\/image\/","url":"https:\/\/hotel-kimmig.de\/wp-content\/uploads\/2020\/05\/KIMMIG-EMBLEM.png","contentUrl":"https:\/\/hotel-kimmig.de\/wp-content\/uploads\/2020\/05\/KIMMIG-EMBLEM.png","width":580,"height":580,"caption":"{:en}Restaurant Hotel Kimmig{:}{:de}Restaurant Hotel Kimmig{:}"},"image":{"@id":"https:\/\/hotel-kimmig.de\/#\/schema\/logo\/image\/"},"sameAs":["https:\/\/de-de.facebook.com\/hotelkimmig","https:\/\/www.instagram.com\/hotelkimmig"]}]}},"_links":{"self":[{"href":"https:\/\/hotel-kimmig.de\/en\/wp-json\/wp\/v2\/pages\/1205","targetHints":{"allow":["GET"]}}],"collection":[{"href":"https:\/\/hotel-kimmig.de\/en\/wp-json\/wp\/v2\/pages"}],"about":[{"href":"https:\/\/hotel-kimmig.de\/en\/wp-json\/wp\/v2\/types\/page"}],"author":[{"embeddable":true,"href":"https:\/\/hotel-kimmig.de\/en\/wp-json\/wp\/v2\/users\/1"}],"replies":[{"embeddable":true,"href":"https:\/\/hotel-kimmig.de\/en\/wp-json\/wp\/v2\/comments?post=1205"}],"version-history":[{"count":109,"href":"https:\/\/hotel-kimmig.de\/en\/wp-json\/wp\/v2\/pages\/1205\/revisions"}],"predecessor-version":[{"id":2439,"href":"https:\/\/hotel-kimmig.de\/en\/wp-json\/wp\/v2\/pages\/1205\/revisions\/2439"}],"wp:attachment":[{"href":"https:\/\/hotel-kimmig.de\/en\/wp-json\/wp\/v2\/media?parent=1205"}],"curies":[{"name":"wp","href":"https:\/\/api.w.org\/{rel}","templated":true}]}}