{"id":1074,"date":"2020-05-14T19:04:50","date_gmt":"2020-05-14T17:04:50","guid":{"rendered":"http:\/\/test.hotel-kimmig.de\/?page_id=1074"},"modified":"2024-12-19T20:30:25","modified_gmt":"2024-12-19T19:30:25","slug":"impressum","status":"publish","type":"page","link":"https:\/\/hotel-kimmig.de\/en\/impressum\/","title":{"rendered":"Impressum"},"content":{"rendered":"\t\t<div data-elementor-type=\"wp-page\" data-elementor-id=\"1074\" class=\"elementor elementor-1074\">\n\t\t\t\t\t\t<section class=\"elementor-section elementor-top-section elementor-element elementor-element-1c7de06 elementor-section-full_width elementor-section-height-default elementor-section-height-default\" data-id=\"1c7de06\" data-element_type=\"section\" data-e-type=\"section\" data-settings=\"{&quot;background_background&quot;:&quot;slideshow&quot;,&quot;background_slideshow_gallery&quot;:[{&quot;id&quot;:50,&quot;url&quot;:&quot;https:\\\/\\\/hotel-kimmig.de\\\/wp-content\\\/uploads\\\/2020\\\/05\\\/IMG_4786_02.jpg&quot;}],&quot;background_slideshow_loop&quot;:&quot;yes&quot;,&quot;background_slideshow_slide_duration&quot;:5000,&quot;background_slideshow_slide_transition&quot;:&quot;fade&quot;,&quot;background_slideshow_transition_duration&quot;:500}\">\n\t\t\t\t\t\t<div class=\"elementor-container elementor-column-gap-default\">\n\t\t\t\t\t<div class=\"elementor-column elementor-col-100 elementor-top-column elementor-element elementor-element-17c79f8\" data-id=\"17c79f8\" data-element_type=\"column\" data-e-type=\"column\">\n\t\t\t<div class=\"elementor-widget-wrap elementor-element-populated\">\n\t\t\t\t\t\t<div class=\"elementor-element elementor-element-db7e6da elementor-widget elementor-widget-heading\" data-id=\"db7e6da\" data-element_type=\"widget\" data-e-type=\"widget\" data-widget_type=\"heading.default\">\n\t\t\t\t<div class=\"elementor-widget-container\">\n\t\t\t\t\t<h2 class=\"elementor-heading-title elementor-size-default\">IMPRESSUM<\/h2>\t\t\t\t<\/div>\n\t\t\t\t<\/div>\n\t\t\t\t<div class=\"elementor-element elementor-element-700d8d7 elementor-widget-divider--view-line elementor-widget elementor-widget-divider\" data-id=\"700d8d7\" data-element_type=\"widget\" data-e-type=\"widget\" data-widget_type=\"divider.default\">\n\t\t\t\t<div class=\"elementor-widget-container\">\n\t\t\t\t\t\t\t<div class=\"elementor-divider\">\n\t\t\t<span class=\"elementor-divider-separator\">\n\t\t\t\t\t\t<\/span>\n\t\t<\/div>\n\t\t\t\t\t\t<\/div>\n\t\t\t\t<\/div>\n\t\t\t\t\t<\/div>\n\t\t<\/div>\n\t\t\t\t\t<\/div>\n\t\t<\/section>\n\t\t\t\t<section class=\"elementor-section elementor-top-section elementor-element elementor-element-d04f352 elementor-section-boxed elementor-section-height-default elementor-section-height-default\" data-id=\"d04f352\" data-element_type=\"section\" data-e-type=\"section\">\n\t\t\t\t\t\t<div class=\"elementor-container elementor-column-gap-default\">\n\t\t\t\t\t<div class=\"elementor-column elementor-col-100 elementor-top-column elementor-element elementor-element-50a2256\" data-id=\"50a2256\" data-element_type=\"column\" data-e-type=\"column\">\n\t\t\t<div class=\"elementor-widget-wrap elementor-element-populated\">\n\t\t\t\t\t\t<div class=\"elementor-element elementor-element-bbe4247 elementor-invisible elementor-widget elementor-widget-heading\" data-id=\"bbe4247\" data-element_type=\"widget\" data-e-type=\"widget\" data-settings=\"{&quot;_animation&quot;:&quot;fadeInUp&quot;}\" data-widget_type=\"heading.default\">\n\t\t\t\t<div class=\"elementor-widget-container\">\n\t\t\t\t\t<h2 class=\"elementor-heading-title elementor-size-default\">IMPRESSUM<\/h2>\t\t\t\t<\/div>\n\t\t\t\t<\/div>\n\t\t\t\t<div class=\"elementor-element elementor-element-38ad97a elementor-widget-divider--view-line elementor-invisible elementor-widget elementor-widget-divider\" data-id=\"38ad97a\" data-element_type=\"widget\" data-e-type=\"widget\" data-settings=\"{&quot;_animation&quot;:&quot;fadeInUp&quot;}\" data-widget_type=\"divider.default\">\n\t\t\t\t<div class=\"elementor-widget-container\">\n\t\t\t\t\t\t\t<div class=\"elementor-divider\">\n\t\t\t<span class=\"elementor-divider-separator\">\n\t\t\t\t\t\t<\/span>\n\t\t<\/div>\n\t\t\t\t\t\t<\/div>\n\t\t\t\t<\/div>\n\t\t\t\t<div class=\"elementor-element elementor-element-15a5892 elementor-widget elementor-widget-text-editor\" data-id=\"15a5892\" data-element_type=\"widget\" data-e-type=\"widget\" data-widget_type=\"text-editor.default\">\n\t\t\t\t<div class=\"elementor-widget-container\">\n\t\t\t\t\t\t\t\t\t<p>Hotel-Restaurant Kimmig<br \/><br \/>Kniebisstra\u00dfe 57<br \/>77740 Bad Peterstal-Griesbach<br \/>Tel.07806\/1055<br \/>Fax 07806\/1059<br \/>www.hotel-kimmig.de<br \/>info@hotel-kimmig.de<br \/><br \/>Inhaber: Franziska M\u00e4nnle<br \/>USt-Id.: DE 246 416 848<br \/><br \/><br \/><\/p><h2>Fotografie<\/h2><p>Mona Fotografie und Design<br \/>Tourist-Information Oberkirch<br \/>Caroline M\u00e4nnle<br \/><br \/><\/p><h2>Konzeption, Entwicklung<br \/>und Design<\/h2><p>Andreas M\u00e4nnle<\/p>\t\t\t\t\t\t\t\t<\/div>\n\t\t\t\t<\/div>\n\t\t\t\t\t<\/div>\n\t\t<\/div>\n\t\t\t\t\t<\/div>\n\t\t<\/section>\n\t\t\t\t<\/div>\n\t\t","protected":false},"excerpt":{"rendered":"<p>IMPRESSUM IMPRESSUM Hotel-Restaurant Kimmig Kniebisstra\u00dfe 5777740 Bad Peterstal-GriesbachTel.07806\/1055Fax 07806\/1059www.hotel-kimmig.deinfo@hotel-kimmig.de Inhaber: Franziska M\u00e4nnleUSt-Id.: DE 246 416 848 Fotografie Mona Fotografie und DesignTourist-Information OberkirchCaroline M\u00e4nnle Konzeption, Entwicklungund Design Andreas M\u00e4nnle<\/p>\n","protected":false},"author":1,"featured_media":0,"parent":0,"menu_order":0,"comment_status":"closed","ping_status":"closed","template":"template-full-width-page-builder.php","meta":{"footnotes":""},"class_list":["post-1074","page","type-page","status-publish","hentry"],"translation":{"provider":"WPGlobus","version":"3.0.2","language":"en","enabled_languages":["de","en"],"languages":{"de":{"title":true,"content":true,"excerpt":false},"en":{"title":false,"content":false,"excerpt":false}}},"yoast_head":"<!-- This site is optimized with the Yoast SEO plugin v27.3 - https:\/\/yoast.com\/product\/yoast-seo-wordpress\/ -->\n<title>Impressum - Restaurant Hotel Kimmig<\/title>\n<meta name=\"robots\" content=\"index, follow, max-snippet:-1, max-image-preview:large, max-video-preview:-1\" \/>\n<link rel=\"canonical\" href=\"https:\/\/hotel-kimmig.de\/impressum\/\" \/>\n<meta property=\"og:locale\" content=\"en_US\" \/>\n<meta property=\"og:type\" content=\"article\" \/>\n<meta property=\"og:title\" content=\"Impressum - Restaurant Hotel Kimmig\" \/>\n<meta property=\"og:url\" content=\"https:\/\/hotel-kimmig.de\/impressum\/\" \/>\n<meta property=\"og:site_name\" content=\"Restaurant Hotel Kimmig\" \/>\n<meta property=\"article:publisher\" content=\"https:\/\/de-de.facebook.com\/hotelkimmig\" \/>\n<meta property=\"article:modified_time\" content=\"2024-12-19T19:30:25+00:00\" \/>\n<meta property=\"og:image\" content=\"https:\/\/hotel-kimmig.de\/wp-content\/uploads\/2024\/10\/IMG_7995-2.jpg\" \/>\n\t<meta property=\"og:image:width\" content=\"2400\" \/>\n\t<meta property=\"og:image:height\" content=\"1600\" \/>\n\t<meta property=\"og:image:type\" content=\"image\/jpeg\" \/>\n<meta name=\"twitter:card\" content=\"summary_large_image\" \/>\n<meta name=\"twitter:label1\" content=\"Est. reading time\" \/>\n\t<meta name=\"twitter:data1\" content=\"1 minute\" \/>\n<script type=\"application\/ld+json\" class=\"yoast-schema-graph\">{\"@context\":\"https:\\\/\\\/schema.org\",\"@graph\":[{\"@type\":\"WebPage\",\"@id\":\"https:\\\/\\\/hotel-kimmig.de\\\/impressum\\\/\",\"url\":\"https:\\\/\\\/hotel-kimmig.de\\\/impressum\\\/\",\"name\":\"Impressum - Restaurant Hotel Kimmig\",\"isPartOf\":{\"@id\":\"https:\\\/\\\/hotel-kimmig.de\\\/#website\"},\"datePublished\":\"2020-05-14T17:04:50+00:00\",\"dateModified\":\"2024-12-19T19:30:25+00:00\",\"breadcrumb\":{\"@id\":\"https:\\\/\\\/hotel-kimmig.de\\\/impressum\\\/#breadcrumb\"},\"inLanguage\":\"en-US\",\"potentialAction\":[{\"@type\":\"ReadAction\",\"target\":[\"https:\\\/\\\/hotel-kimmig.de\\\/impressum\\\/\"]}]},{\"@type\":\"BreadcrumbList\",\"@id\":\"https:\\\/\\\/hotel-kimmig.de\\\/impressum\\\/#breadcrumb\",\"itemListElement\":[{\"@type\":\"ListItem\",\"position\":1,\"name\":\"Startseite\",\"item\":\"https:\\\/\\\/hotel-kimmig.de\\\/\"},{\"@type\":\"ListItem\",\"position\":2,\"name\":\"Impressum\"}]},{\"@type\":\"WebSite\",\"@id\":\"https:\\\/\\\/hotel-kimmig.de\\\/#website\",\"url\":\"https:\\\/\\\/hotel-kimmig.de\\\/\",\"name\":\"{:en}Restaurant Hotel Kimmig{:}{:de}Restaurant Hotel Kimmig{:}\",\"description\":\"Hier ist gut Gast sein\",\"publisher\":{\"@id\":\"https:\\\/\\\/hotel-kimmig.de\\\/#organization\"},\"potentialAction\":[{\"@type\":\"SearchAction\",\"target\":{\"@type\":\"EntryPoint\",\"urlTemplate\":\"https:\\\/\\\/hotel-kimmig.de\\\/?s={search_term_string}\"},\"query-input\":{\"@type\":\"PropertyValueSpecification\",\"valueRequired\":true,\"valueName\":\"search_term_string\"}}],\"inLanguage\":\"en-US\"},{\"@type\":\"Organization\",\"@id\":\"https:\\\/\\\/hotel-kimmig.de\\\/#organization\",\"name\":\"{:en}Restaurant Hotel Kimmig{:}{:de}Restaurant Hotel Kimmig{:}\",\"url\":\"https:\\\/\\\/hotel-kimmig.de\\\/\",\"logo\":{\"@type\":\"ImageObject\",\"inLanguage\":\"en-US\",\"@id\":\"https:\\\/\\\/hotel-kimmig.de\\\/#\\\/schema\\\/logo\\\/image\\\/\",\"url\":\"https:\\\/\\\/hotel-kimmig.de\\\/wp-content\\\/uploads\\\/2020\\\/05\\\/KIMMIG-EMBLEM.png\",\"contentUrl\":\"https:\\\/\\\/hotel-kimmig.de\\\/wp-content\\\/uploads\\\/2020\\\/05\\\/KIMMIG-EMBLEM.png\",\"width\":580,\"height\":580,\"caption\":\"{:en}Restaurant Hotel Kimmig{:}{:de}Restaurant Hotel Kimmig{:}\"},\"image\":{\"@id\":\"https:\\\/\\\/hotel-kimmig.de\\\/#\\\/schema\\\/logo\\\/image\\\/\"},\"sameAs\":[\"https:\\\/\\\/de-de.facebook.com\\\/hotelkimmig\",\"https:\\\/\\\/www.instagram.com\\\/hotelkimmig\"]}]}<\/script>\n<!-- \/ Yoast SEO plugin. -->","yoast_head_json":{"title":"Impressum - Restaurant Hotel Kimmig","robots":{"index":"index","follow":"follow","max-snippet":"max-snippet:-1","max-image-preview":"max-image-preview:large","max-video-preview":"max-video-preview:-1"},"canonical":"https:\/\/hotel-kimmig.de\/impressum\/","og_locale":"en_US","og_type":"article","og_title":"Impressum - Restaurant Hotel Kimmig","og_url":"https:\/\/hotel-kimmig.de\/impressum\/","og_site_name":"Restaurant Hotel Kimmig","article_publisher":"https:\/\/de-de.facebook.com\/hotelkimmig","article_modified_time":"2024-12-19T19:30:25+00:00","og_image":[{"width":2400,"height":1600,"url":"https:\/\/hotel-kimmig.de\/wp-content\/uploads\/2024\/10\/IMG_7995-2.jpg","type":"image\/jpeg"}],"twitter_card":"summary_large_image","twitter_misc":{"Est. reading time":"1 minute"},"schema":{"@context":"https:\/\/schema.org","@graph":[{"@type":"WebPage","@id":"https:\/\/hotel-kimmig.de\/impressum\/","url":"https:\/\/hotel-kimmig.de\/impressum\/","name":"Impressum - Restaurant Hotel Kimmig","isPartOf":{"@id":"https:\/\/hotel-kimmig.de\/#website"},"datePublished":"2020-05-14T17:04:50+00:00","dateModified":"2024-12-19T19:30:25+00:00","breadcrumb":{"@id":"https:\/\/hotel-kimmig.de\/impressum\/#breadcrumb"},"inLanguage":"en-US","potentialAction":[{"@type":"ReadAction","target":["https:\/\/hotel-kimmig.de\/impressum\/"]}]},{"@type":"BreadcrumbList","@id":"https:\/\/hotel-kimmig.de\/impressum\/#breadcrumb","itemListElement":[{"@type":"ListItem","position":1,"name":"Startseite","item":"https:\/\/hotel-kimmig.de\/"},{"@type":"ListItem","position":2,"name":"Impressum"}]},{"@type":"WebSite","@id":"https:\/\/hotel-kimmig.de\/#website","url":"https:\/\/hotel-kimmig.de\/","name":"{:en}Restaurant Hotel Kimmig{:}{:de}Restaurant Hotel Kimmig{:}","description":"Hier ist gut Gast sein","publisher":{"@id":"https:\/\/hotel-kimmig.de\/#organization"},"potentialAction":[{"@type":"SearchAction","target":{"@type":"EntryPoint","urlTemplate":"https:\/\/hotel-kimmig.de\/?s={search_term_string}"},"query-input":{"@type":"PropertyValueSpecification","valueRequired":true,"valueName":"search_term_string"}}],"inLanguage":"en-US"},{"@type":"Organization","@id":"https:\/\/hotel-kimmig.de\/#organization","name":"{:en}Restaurant Hotel Kimmig{:}{:de}Restaurant Hotel Kimmig{:}","url":"https:\/\/hotel-kimmig.de\/","logo":{"@type":"ImageObject","inLanguage":"en-US","@id":"https:\/\/hotel-kimmig.de\/#\/schema\/logo\/image\/","url":"https:\/\/hotel-kimmig.de\/wp-content\/uploads\/2020\/05\/KIMMIG-EMBLEM.png","contentUrl":"https:\/\/hotel-kimmig.de\/wp-content\/uploads\/2020\/05\/KIMMIG-EMBLEM.png","width":580,"height":580,"caption":"{:en}Restaurant Hotel Kimmig{:}{:de}Restaurant Hotel Kimmig{:}"},"image":{"@id":"https:\/\/hotel-kimmig.de\/#\/schema\/logo\/image\/"},"sameAs":["https:\/\/de-de.facebook.com\/hotelkimmig","https:\/\/www.instagram.com\/hotelkimmig"]}]}},"_links":{"self":[{"href":"https:\/\/hotel-kimmig.de\/en\/wp-json\/wp\/v2\/pages\/1074","targetHints":{"allow":["GET"]}}],"collection":[{"href":"https:\/\/hotel-kimmig.de\/en\/wp-json\/wp\/v2\/pages"}],"about":[{"href":"https:\/\/hotel-kimmig.de\/en\/wp-json\/wp\/v2\/types\/page"}],"author":[{"embeddable":true,"href":"https:\/\/hotel-kimmig.de\/en\/wp-json\/wp\/v2\/users\/1"}],"replies":[{"embeddable":true,"href":"https:\/\/hotel-kimmig.de\/en\/wp-json\/wp\/v2\/comments?post=1074"}],"version-history":[{"count":13,"href":"https:\/\/hotel-kimmig.de\/en\/wp-json\/wp\/v2\/pages\/1074\/revisions"}],"predecessor-version":[{"id":2448,"href":"https:\/\/hotel-kimmig.de\/en\/wp-json\/wp\/v2\/pages\/1074\/revisions\/2448"}],"wp:attachment":[{"href":"https:\/\/hotel-kimmig.de\/en\/wp-json\/wp\/v2\/media?parent=1074"}],"curies":[{"name":"wp","href":"https:\/\/api.w.org\/{rel}","templated":true}]}}