{"id":1072,"date":"2020-05-14T19:04:31","date_gmt":"2020-05-14T17:04:31","guid":{"rendered":"http:\/\/test.hotel-kimmig.de\/?page_id=1072"},"modified":"2024-12-19T20:31:12","modified_gmt":"2024-12-19T19:31:12","slug":"datenschutz","status":"publish","type":"page","link":"https:\/\/hotel-kimmig.de\/en\/datenschutz\/","title":{"rendered":"Datenschutz"},"content":{"rendered":"\t\t<div data-elementor-type=\"wp-page\" data-elementor-id=\"1072\" class=\"elementor elementor-1072\">\n\t\t\t\t\t\t<section class=\"elementor-section elementor-top-section elementor-element elementor-element-18a703c elementor-section-full_width elementor-section-height-default elementor-section-height-default\" data-id=\"18a703c\" data-element_type=\"section\" data-e-type=\"section\" data-settings=\"{&quot;background_background&quot;:&quot;slideshow&quot;,&quot;background_slideshow_gallery&quot;:[{&quot;id&quot;:50,&quot;url&quot;:&quot;https:\\\/\\\/hotel-kimmig.de\\\/wp-content\\\/uploads\\\/2020\\\/05\\\/IMG_4786_02.jpg&quot;}],&quot;background_slideshow_loop&quot;:&quot;yes&quot;,&quot;background_slideshow_slide_duration&quot;:5000,&quot;background_slideshow_slide_transition&quot;:&quot;fade&quot;,&quot;background_slideshow_transition_duration&quot;:500}\">\n\t\t\t\t\t\t<div class=\"elementor-container elementor-column-gap-default\">\n\t\t\t\t\t<div class=\"elementor-column elementor-col-100 elementor-top-column elementor-element elementor-element-97a7d59\" data-id=\"97a7d59\" data-element_type=\"column\" data-e-type=\"column\">\n\t\t\t<div class=\"elementor-widget-wrap elementor-element-populated\">\n\t\t\t\t\t\t<div class=\"elementor-element elementor-element-75d1a9f elementor-widget elementor-widget-heading\" data-id=\"75d1a9f\" data-element_type=\"widget\" data-e-type=\"widget\" data-widget_type=\"heading.default\">\n\t\t\t\t<div class=\"elementor-widget-container\">\n\t\t\t\t\t<h2 class=\"elementor-heading-title elementor-size-default\">Datenschutz<\/h2>\t\t\t\t<\/div>\n\t\t\t\t<\/div>\n\t\t\t\t<div class=\"elementor-element elementor-element-3268afa elementor-widget-divider--view-line elementor-widget elementor-widget-divider\" data-id=\"3268afa\" data-element_type=\"widget\" data-e-type=\"widget\" data-widget_type=\"divider.default\">\n\t\t\t\t<div class=\"elementor-widget-container\">\n\t\t\t\t\t\t\t<div class=\"elementor-divider\">\n\t\t\t<span class=\"elementor-divider-separator\">\n\t\t\t\t\t\t<\/span>\n\t\t<\/div>\n\t\t\t\t\t\t<\/div>\n\t\t\t\t<\/div>\n\t\t\t\t\t<\/div>\n\t\t<\/div>\n\t\t\t\t\t<\/div>\n\t\t<\/section>\n\t\t\t\t<section class=\"elementor-section elementor-top-section elementor-element elementor-element-6cfb098 elementor-section-boxed elementor-section-height-default elementor-section-height-default\" data-id=\"6cfb098\" data-element_type=\"section\" data-e-type=\"section\">\n\t\t\t\t\t\t<div class=\"elementor-container elementor-column-gap-default\">\n\t\t\t\t\t<div class=\"elementor-column elementor-col-100 elementor-top-column elementor-element elementor-element-7d1d620\" data-id=\"7d1d620\" data-element_type=\"column\" data-e-type=\"column\">\n\t\t\t<div class=\"elementor-widget-wrap elementor-element-populated\">\n\t\t\t\t\t\t<div class=\"elementor-element elementor-element-1ce8b41 elementor-invisible elementor-widget elementor-widget-heading\" data-id=\"1ce8b41\" data-element_type=\"widget\" data-e-type=\"widget\" data-settings=\"{&quot;_animation&quot;:&quot;fadeInUp&quot;}\" data-widget_type=\"heading.default\">\n\t\t\t\t<div class=\"elementor-widget-container\">\n\t\t\t\t\t<h2 class=\"elementor-heading-title elementor-size-default\">DATENSCHUTZ<\/h2>\t\t\t\t<\/div>\n\t\t\t\t<\/div>\n\t\t\t\t<div class=\"elementor-element elementor-element-3abc42b elementor-widget-divider--view-line elementor-invisible elementor-widget elementor-widget-divider\" data-id=\"3abc42b\" data-element_type=\"widget\" data-e-type=\"widget\" data-settings=\"{&quot;_animation&quot;:&quot;fadeInUp&quot;}\" data-widget_type=\"divider.default\">\n\t\t\t\t<div class=\"elementor-widget-container\">\n\t\t\t\t\t\t\t<div class=\"elementor-divider\">\n\t\t\t<span class=\"elementor-divider-separator\">\n\t\t\t\t\t\t<\/span>\n\t\t<\/div>\n\t\t\t\t\t\t<\/div>\n\t\t\t\t<\/div>\n\t\t\t\t<div class=\"elementor-element elementor-element-b564415 elementor-widget elementor-widget-text-editor\" data-id=\"b564415\" data-element_type=\"widget\" data-e-type=\"widget\" data-widget_type=\"text-editor.default\">\n\t\t\t\t<div class=\"elementor-widget-container\">\n\t\t\t\t\t\t\t\t\t<p><strong>Anbieter und verantwortliche Stelle im Sinne des Datenschutzgesetzes<\/strong><\/p><p><span id=\"firma\">Restaurant Hotel Kimmig<\/span><br \/><span id=\"ansprechpartner\">Frabziska M\u00e4nnle<\/span><br \/><span id=\"strasse\">Kniebisstra\u00dfe 57<\/span><br \/><span id=\"plz\">77740<\/span>\u00a0<span id=\"ort\">Bad Peterstal-Griesbach<\/span><\/p><p><strong>Geltungsbereich<\/strong><\/p><p>Nutzer erhalten mit dieser Datenschutzerkl\u00e4rung Information \u00fcber die Art, den Umfang und Zweck der Erhebung und Verwendung ihrer Daten durch den verantwortlichen Anbieter erhoben und verwendet werden.<\/p><p>Den rechtlichen Rahmen f\u00fcr den Datenschutz bilden das Bundesdatenschutzgesetz (BDSG) und das Telemediengesetz (TMG).<\/p><p><strong>Erfassung allgemeiner Informationen<\/strong><\/p><p>Mit jedem Zugriff auf dieses Angebot werden durch uns bzw. den Webspace-Provider automatisch Informationen erfasst. Diese Informationen, auch als Server-Logfiles bezeichnet, sind allgemeiner Natur und erlauben keine R\u00fcckschl\u00fcsse auf Ihre Person.<\/p><p>Erfasst werden unter anderem: Name der Webseite, Datei, Datum, Datenmenge, Webbrowser und Webbrowser-Version, Betriebssystem, der Domainname Ihres Internet-Providers, die sogenannte Referrer-URL (jene Seite, von der aus Sie auf unser Angebot zugegriffen haben) und die IP-Adresse.<\/p><p>Ohne diese Daten w\u00e4re es technisch teils nicht m\u00f6glich, die Inhalte der Webseite auszuliefern und darzustellen. Insofern ist die Erfassung der Daten zwingend notwendig. Dar\u00fcber hinaus verwenden wir die anonymen Informationen f\u00fcr statistische Zwecke. Sie helfen uns bei der Optimierung des Angebots und der Technik. Wir behalten uns zudem das Recht vor, die Log-Files bei Verdacht auf eine rechtswidrige Nutzung unseres Angebotes nachtr\u00e4glich zu kontrollieren.<\/p><p><strong>Newsletter<\/strong><\/p><p>Melden Sie sich f\u00fcr unseren Newsletter an, verwenden wir die von Ihnen eingegebenen Daten ausschlie\u00dflich f\u00fcr diesen Zweck oder um sie \u00fcber die f\u00fcr diesen Dienst oder die Registrierung relevanten Umst\u00e4nde zu informieren. Diese Daten geben wir nicht an Dritte weiter.<\/p><p>F\u00fcr den Empfang des Newsletters bedarf es einer validen (g\u00fcltigen) E-Mail-Adresse. Gespeichert werden zudem die IP-Adresse, \u00fcber die Sie sich f\u00fcr den Newsletter anmelden und das Datum, an dem Sie den Newsletter bestellen. Diese Daten dienen uns als Nachweis bei Missbrauch, falls eine fremde E-Mail-Adresse f\u00fcr den Newsletter angemeldet wird. Um dar\u00fcber hinaus sicherzustellen, dass eine E-Mail-Adresse nicht missbr\u00e4uchlich durch Dritte in unseren Verteiler eingetragen wird, arbeiten wir gesetzeskonform mit dem sogenannten \u201eDouble-Opt-In\u201c-Verfahren. Im Rahmen dieses Verfahren werden die Bestellung des Newsletters, der Versand der Best\u00e4tigungsmail und der Erhalt der Anmeldebest\u00e4tigung protokolliert.<\/p><p>Sie haben jederzeit die M\u00f6glichkeit, Ihre Einwilligung zur Speicherung der Daten, Ihrer E-Mail-Adresse und deren Nutzung f\u00fcr den Newsletter-Versand zu widerrufen. F\u00fcr den Widerruf stellen wir Ihnen in jedem Newsletter und auf der Webseite einen Link zur Verf\u00fcgung. Sie haben au\u00dferdem die M\u00f6glichkeit, uns Ihren Widerrufswunsch \u00fcber die in diesem Dokument genannten Kontaktm\u00f6glichkeiten mitzuteilen.<\/p><p><strong>Kontaktformular<\/strong><\/p><p>Personenbezogene Daten, die im Zusammenhang mit einer Zimmerbuchung von uns abgefragt werden, werden zum Zwecke der Vertragsabwicklung verarbeitet. Dar\u00fcber hinaus verwenden wir Ihre E-Mail-Adresse zum Zwecke der Direktwerbung f\u00fcr eigene \u00e4hnliche Angebote, sofern Sie dieser Verwendung nicht bereits widersprochen haben. Sie k\u00f6nnen der Verwendung zum Zwecke der Direktwerbung jederzeit widersprechen.<\/p><p><strong>Einbindung von Diensten und Inhalten Dritter<\/strong><\/p><p>Unser Angebot umfasst mitunter Inhalte, Dienste und Leistungen anderer Anbieter. Das sind zum Beispiel Karten, die von Google-Maps zur Verf\u00fcgung gestellt werden, Videos von YouTube sowie Grafiken und Bilder anderer Webseiten. Damit diese Daten im Browser des Nutzers aufgerufen und dargestellt werden k\u00f6nnen, ist die \u00dcbermittlung der IP-Adresse zwingend notwendig. Die Anbieter (im Folgenden als \u201eDritt-Anbieter\u201c bezeichnet) nehmen also die IP-Adresse des jeweiligen Nutzers wahr.<\/p><p>Auch wenn wir bem\u00fcht sind, ausschlie\u00dflich Dritt-Anbieter zu nutzen, welche die IP-Adresse nur ben\u00f6tigen, um Inhalte ausliefern zu k\u00f6nnen, haben wir keinen Einfluss darauf, ob die IP-Adresse m\u00f6glicherweise gespeichert wird. Dieser Vorgang dient in dem Fall unter anderem statistischen Zwecken. Sofern wir Kenntnis davon haben, dass die IP-Adresse gespeichert wird, weisen wir unsere Nutzer darauf hin.<\/p><p><strong>Cookies<\/strong><\/p><p>Diese Webseite verwendet sogenannte Cookies. Das sind Textdateien, die vom Server aus auf Ihrem Rechner gespeichert werden. Sie enthalten Informationen zum Browser, zur IP-Adresse, dem Betriebssystem und zur Internetverbindung. Diese Daten werden von uns nicht an Dritte weitergegeben oder ohne ihre Zustimmung mit personenbezogenen Daten verkn\u00fcpft.<\/p><p>Cookies erf\u00fcllen vor allem zwei Aufgaben. Sie helfen uns, Ihnen die Navigation durch unser Angebot zu erleichtern, und erm\u00f6glichen die korrekte Darstellung der Webseite. Sie werden nicht dazu genutzt, Viren einzuschleusen oder Programme zu starten.<\/p><p>Nutzer haben die M\u00f6glichkeit, unser Angebot auch ohne Cookies aufzurufen. Dazu m\u00fcssen im Browser die entsprechenden Einstellungen ge\u00e4ndert werden. Informieren Sie sich bitte \u00fcber die Hilfsfunktion Ihres Browsers, wie Cookies deaktiviert werden. Wir weisen allerdings darauf hin, dass dadurch einige Funktionen dieser Webseite m\u00f6glicherweise beeintr\u00e4chtigt werden und der Nutzungskomfort eingeschr\u00e4nkt wird. Die Seiten\u00a0<a href=\"http:\/\/www.aboutads.info\/choices\/\">http:\/\/www.aboutads.info\/choices\/<\/a>\u00a0(USA) und\u00a0<a href=\"http:\/\/www.youronlinechoices.com\/uk\/your-ad-choices\/\">http:\/\/www.youronlinechoices.com\/uk\/your-ad-choices\/<\/a>\u00a0(Europa) erlauben es Ihnen, Online-Anzeigen-Cookies zu verwalten.<\/p><p><strong>Verwendung von Piwik<\/strong><\/p><p>Diese Webseite nutzt Piwik, eine Open-Source-Software, die Daten sammelt und speichert. Diese Informationen dienen Marketing- und Optimierungszwecken. Piwik erstellt dazu aus den Daten Nutzungsprofile mit einem Pseudonym. F\u00fcr diese Zwecke speichert die Software auf Ihrem Computer Cookies (Textdateien), anhand derer die Nutzung der Webseite durch Sie analysiert werden kann. Ihre IP-Adresse wird dabei sofort nach der Verarbeitung und vor der Speicherung anonymisiert. Die Daten werden auf den Servern des Anbieters in Deutschland hinterlegt.<\/p><p>Wenn Sie nicht m\u00f6chten, dass Piwik Cookies speichert, haben Sie die M\u00f6glichkeit, \u00fcber die Einstellungen Ihres Browser die Installation von Cookies zu unterbinden (Informationen dazu finden Sie in der Hilfefunktion des Browsers). In diesem Fall k\u00f6nnen Sie m\u00f6glicherweise nicht alle Funktionen des Angebots nutzen.<\/p><p><strong>Facebook Social Plug-in<\/strong><\/p><p>Wir binden auf unseren Webseiten Plug-ins des sozialen Netzwerks Facebook (Anschrift: 1601 South California Avenue, Palo Alto, CA 94304, USA) ein. Sie erkennen die Plug-ins &#8211; eine \u00dcbersicht finden Sie hier:\u00a0<a href=\"http:\/\/developers.facebook.com\/docs\/plugins\/\">http:\/\/developers.facebook.com\/docs\/Plug-ins\/<\/a>\u00a0&#8211; am Like-Button (Gef\u00e4llt mir) oder am Logo von Facebook.<\/p><p>Rufen Sie eine unserer Webseiten mit Facebook Plug-in auf, wird eine direkte Verbindung mit Facebook aufgebaut. Auf die Art und den Umfang der Daten, die dabei von Facebook erhoben, gespeichert und verarbeitet werden, haben wir keinen Einfluss. Wir k\u00f6nnen Sie lediglich entsprechend unseres Kenntnisstandes informieren.<\/p><p>Facebook wird \u00fcber das Plug-in informiert, dass Sie die entsprechende Webseite unseres Angebots aufgerufen haben. Das gilt auch f\u00fcr Nutzer, die nicht bei Facebook registriert sind. In dem Fall besteht die M\u00f6glichkeit, dass Facebook die IP-Adresse speichert.<\/p><p>Sind Sie Mitglied bei Facebook und eingeloggt, kann der Aufruf einer Webseite mit Facebook Plug-in Ihrem Nutzerkonto bei Facebook eindeutig zugeordnet werden. Dar\u00fcber hinaus \u00fcbermitteln die Plug-ins alle Interaktionen, wenn Sie zum Beispiel den Like-Button nutzen oder einen Kommentar hinterlassen.<\/p><p>Um zu verhindern, dass Facebook Daten \u00fcber Sie speichert, loggen Sie sich vor dem Besuch unserer Webseiten bitte bei Facebook aus. Sie k\u00f6nnen die Plug-ins dar\u00fcber hinaus mit Add-ons f\u00fcr den Browser blocken (zum Beispiel \u201eFacebook Blocker\u201c).<\/p><p>Informationen zu den Datenschutzbestimmungen, dem Zweck und Umfang der Datenerfassung und Datenverarbeitung sowie den Einstellm\u00f6glichkeiten zum Schutz der Privatsph\u00e4re bei Facebook erhalten Sie hier: http:\/\/www.facebook.com\/privacy\/explanation.php.<\/p><p><strong>Datensparsamkeit<\/strong><\/p><p>Personenbezogene Daten speichern wir gem\u00e4\u00df den Grunds\u00e4tzen der Datenvermeidung und Datensparsamkeit nur so lange, wie es erforderlich ist oder vom Gesetzgeber her vorgeschrieben wird (gesetzliche Speicherfrist). Entf\u00e4llt der Zweck der erhobenen Informationen oder endet die Speicherfrist, sperren oder l\u00f6schen wir die Daten.<\/p><p><strong>Recht auf Auskunft<\/strong><\/p><p>Sie k\u00f6nnen gem\u00e4\u00df Artikel 15 DSGVO eine Best\u00e4tigung dar\u00fcber verlangen, ob Sie betreffende Daten verarbeitet werden. Ist dies der Fall, so haben Sie ein Recht auf Auskunft \u00fcber die verarbeiteten Informationen.<\/p><p><strong>Recht auf Widerruf der Einwilligung<\/strong><\/p><p>Sofern die Verarbeitung Ihrer personenbezogenen Daten aufgrund einer Einwilligung erfolgt, haben Sie gem\u00e4\u00df Artikel 7 DSGVO das Recht, diese Einwilligung jederzeit zu widerrufen.<\/p><p><strong>Recht auf Widerspruch<\/strong><\/p><p>Sofern die Verarbeitung Ihrer personenbezogenen Daten zur Wahrung der berechtigten Interessen unseres Unternehmens erforderlich ist, k\u00f6nnen Sie gem\u00e4\u00df Artikel 21 DSGVO jederzeit Widerspruch gegen die Verarbeitung einlegen.<\/p><p><strong>Recht auf L\u00f6schung<\/strong><\/p><p>Sofern Sie Ihre Einwilligung widerrufen haben, Widerspruch gegen die Verarbeitung Ihrer personenbezogenen Daten eingelegt haben (und keine vorrangigen berechtigten Gr\u00fcnde f\u00fcr die Verarbeitung vorliegen), Ihre personenbezogenen Daten f\u00fcr die Zwecke der Verarbeitung nicht mehr notwendig sind, eine entsprechende rechtliche Verpflichtung besteht oder Ihre personenbezogenen Daten unrechtm\u00e4\u00dfig verarbeitet wurden, haben Sie das Recht, gem\u00e4\u00df Artikel 17 DSGVO die L\u00f6schung Ihrer personenbezogenen Daten zu verlangen.<\/p><p><strong>Recht auf Berichtigung<\/strong><\/p><p>Sofern Ihre personenbezogenen Daten unrichtig verarbeitet wurden, haben Sie gem\u00e4\u00df Artikel 16 DSGVO das Recht, unverz\u00fcglich die Berichtigung dieser Daten zu verlangen.<\/p><p><strong>Recht auf Einschr\u00e4nkung der Verarbeitung<\/strong><\/p><p>Unter den Voraussetzungen des Artikels 18 DSGVO haben Sie das Recht, die Einschr\u00e4nkung der Verarbeitung Ihrer personenbezogenen Daten zu verlangen.<\/p><p><strong>Recht auf Daten\u00fcbertragbarkeit<\/strong><\/p><p>Ihnen steht gem\u00e4\u00df Artikel 20 DSGVO das Recht zu, von Ihnen bereitgestellte personenbezogene Daten in einem strukturierten, g\u00e4ngigen und maschinenlesbaren Format zu erhalten.<\/p><p><strong>Beschwerderecht<\/strong><\/p><p>Ihnen steht gem\u00e4\u00df Artikel 13 DSGVO ein Beschwerderecht bei der zust\u00e4ndigen Aufsichtsbeh\u00f6rde zu. Um Ihre Rechte geltend zu machen, k\u00f6nnen Sie uns unter folgender EMail-Adresse kontaktieren: info@hotel-kimmig.de<\/p><p><strong>Externe Links<\/strong><\/p><p>Dieser Internetauftritt enth\u00e4lt Links zu externen Webseiten Dritter, auf deren Inhalte wir keinen Einfluss haben. Deshalb kann f\u00fcr diese fremden Inhalte auch keine Gew\u00e4hr \u00fcbernommen werden. Die Inhalte fremder Seiten, auf die hier verlinkt wird, spiegeln nicht die Meinung des Webseitenbetreibers wider, sondern dienen lediglich der Information und der Darstellung von Zusammenh\u00e4ngen. F\u00fcr die Inhalte der verlinkten Seiten ist stets der jeweilige Anbieter oder Betreiber der Seiten verantwortlich. Die verlinkten Seiten wurden zum Zeitpunkt der Verlinkung auf m\u00f6gliche Rechtsverst\u00f6\u00dfe \u00fcberpr\u00fcft. zum Zeitpunkt der Verlinkung waren rechtswidrige Inhalte nicht erkennbar. Eine permanente inhaltliche Kontrolle der verlinkten Seiten ist jedoch ohne konkrete Anhaltspunkte einer Rechtsverletzung nicht zumutbar. Bei Bekanntwerden von Rechtsverletzungen werden wir derartige Links umgehend entfernen.<\/p><p><strong>\u00c4nderung unserer Datenschutzerkl\u00e4rung<\/strong><\/p><p>Um zu gew\u00e4hrleisten, dass unsere Datenschutzerkl\u00e4rung stets den aktuellen gesetzlichen Vorgaben entspricht, behalten wir uns jederzeit \u00c4nderungen vor. Das gilt auch f\u00fcr den Fall, dass die Datenschutzerkl\u00e4rung aufgrund neuer oder \u00fcberarbeiteter Leistungen, zum Beispiel neuer Serviceleistungen, angepasst werden muss. Die neue Datenschutzerkl\u00e4rung greift dann bei Ihrem n\u00e4chsten Besuch auf unserem Angebot.<\/p><p>\u00a0<\/p><p>\u00a0<\/p><p><small>Quellen:\u00a0<a href=\"http:\/\/www.mein-datenschutzbeauftragter.de\/\" target=\"_blank\" rel=\"noopener\">Online Datenschutz-Konfigurator<\/a>\u00a0und DEHOGA Merkblatt &#8220;INFORMATIONSPFLICHTEN AUF WEBSEITEN&#8221;<\/small><\/p>\t\t\t\t\t\t\t\t<\/div>\n\t\t\t\t<\/div>\n\t\t\t\t\t<\/div>\n\t\t<\/div>\n\t\t\t\t\t<\/div>\n\t\t<\/section>\n\t\t\t\t<\/div>\n\t\t","protected":false},"excerpt":{"rendered":"<p>Datenschutz DATENSCHUTZ Anbieter und verantwortliche Stelle im Sinne des Datenschutzgesetzes Restaurant Hotel KimmigFrabziska M\u00e4nnleKniebisstra\u00dfe 5777740\u00a0Bad Peterstal-Griesbach Geltungsbereich Nutzer erhalten mit dieser Datenschutzerkl\u00e4rung Information \u00fcber die Art, den Umfang und Zweck der Erhebung und Verwendung ihrer Daten durch den verantwortlichen Anbieter&#8230; <\/p>\n<div class=\"readmore-section\"><a class=\"readmore-btn\" href=\"https:\/\/hotel-kimmig.de\/en\/datenschutz\/\">Continue reading <i class=\"fa fa-arrow-right\"><\/i><\/a><\/div>\n","protected":false},"author":1,"featured_media":0,"parent":0,"menu_order":0,"comment_status":"closed","ping_status":"closed","template":"template-full-width-page-builder.php","meta":{"footnotes":""},"class_list":["post-1072","page","type-page","status-publish","hentry"],"translation":{"provider":"WPGlobus","version":"3.0.2","language":"en","enabled_languages":["de","en"],"languages":{"de":{"title":true,"content":true,"excerpt":false},"en":{"title":false,"content":false,"excerpt":false}}},"yoast_head":"<!-- This site is optimized with the Yoast SEO plugin v27.4 - https:\/\/yoast.com\/product\/yoast-seo-wordpress\/ -->\n<title>Datenschutz - Restaurant Hotel Kimmig<\/title>\n<meta name=\"robots\" content=\"index, follow, max-snippet:-1, max-image-preview:large, max-video-preview:-1\" \/>\n<link rel=\"canonical\" href=\"https:\/\/hotel-kimmig.de\/datenschutz\/\" \/>\n<meta property=\"og:locale\" content=\"en_US\" \/>\n<meta property=\"og:type\" content=\"article\" \/>\n<meta property=\"og:title\" content=\"Datenschutz - Restaurant Hotel Kimmig\" \/>\n<meta property=\"og:url\" content=\"https:\/\/hotel-kimmig.de\/datenschutz\/\" \/>\n<meta property=\"og:site_name\" content=\"Restaurant Hotel Kimmig\" \/>\n<meta property=\"article:publisher\" content=\"https:\/\/de-de.facebook.com\/hotelkimmig\" \/>\n<meta property=\"article:modified_time\" content=\"2024-12-19T19:31:12+00:00\" \/>\n<meta property=\"og:image\" content=\"https:\/\/hotel-kimmig.de\/wp-content\/uploads\/2024\/10\/IMG_7995-2.jpg\" \/>\n\t<meta property=\"og:image:width\" content=\"2400\" \/>\n\t<meta property=\"og:image:height\" content=\"1600\" \/>\n\t<meta property=\"og:image:type\" content=\"image\/jpeg\" \/>\n<meta name=\"twitter:card\" content=\"summary_large_image\" \/>\n<meta name=\"twitter:label1\" content=\"Est. reading time\" \/>\n\t<meta name=\"twitter:data1\" content=\"9 minutes\" \/>\n<script type=\"application\/ld+json\" class=\"yoast-schema-graph\">{\"@context\":\"https:\\\/\\\/schema.org\",\"@graph\":[{\"@type\":\"WebPage\",\"@id\":\"https:\\\/\\\/hotel-kimmig.de\\\/datenschutz\\\/\",\"url\":\"https:\\\/\\\/hotel-kimmig.de\\\/datenschutz\\\/\",\"name\":\"Datenschutz - Restaurant Hotel Kimmig\",\"isPartOf\":{\"@id\":\"https:\\\/\\\/hotel-kimmig.de\\\/#website\"},\"datePublished\":\"2020-05-14T17:04:31+00:00\",\"dateModified\":\"2024-12-19T19:31:12+00:00\",\"breadcrumb\":{\"@id\":\"https:\\\/\\\/hotel-kimmig.de\\\/datenschutz\\\/#breadcrumb\"},\"inLanguage\":\"en-US\",\"potentialAction\":[{\"@type\":\"ReadAction\",\"target\":[\"https:\\\/\\\/hotel-kimmig.de\\\/datenschutz\\\/\"]}]},{\"@type\":\"BreadcrumbList\",\"@id\":\"https:\\\/\\\/hotel-kimmig.de\\\/datenschutz\\\/#breadcrumb\",\"itemListElement\":[{\"@type\":\"ListItem\",\"position\":1,\"name\":\"Startseite\",\"item\":\"https:\\\/\\\/hotel-kimmig.de\\\/\"},{\"@type\":\"ListItem\",\"position\":2,\"name\":\"Datenschutz\"}]},{\"@type\":\"WebSite\",\"@id\":\"https:\\\/\\\/hotel-kimmig.de\\\/#website\",\"url\":\"https:\\\/\\\/hotel-kimmig.de\\\/\",\"name\":\"{:en}Restaurant Hotel Kimmig{:}{:de}Restaurant Hotel Kimmig{:}\",\"description\":\"Hier ist gut Gast sein\",\"publisher\":{\"@id\":\"https:\\\/\\\/hotel-kimmig.de\\\/#organization\"},\"potentialAction\":[{\"@type\":\"SearchAction\",\"target\":{\"@type\":\"EntryPoint\",\"urlTemplate\":\"https:\\\/\\\/hotel-kimmig.de\\\/?s={search_term_string}\"},\"query-input\":{\"@type\":\"PropertyValueSpecification\",\"valueRequired\":true,\"valueName\":\"search_term_string\"}}],\"inLanguage\":\"en-US\"},{\"@type\":\"Organization\",\"@id\":\"https:\\\/\\\/hotel-kimmig.de\\\/#organization\",\"name\":\"{:en}Restaurant Hotel Kimmig{:}{:de}Restaurant Hotel Kimmig{:}\",\"url\":\"https:\\\/\\\/hotel-kimmig.de\\\/\",\"logo\":{\"@type\":\"ImageObject\",\"inLanguage\":\"en-US\",\"@id\":\"https:\\\/\\\/hotel-kimmig.de\\\/#\\\/schema\\\/logo\\\/image\\\/\",\"url\":\"https:\\\/\\\/hotel-kimmig.de\\\/wp-content\\\/uploads\\\/2020\\\/05\\\/KIMMIG-EMBLEM.png\",\"contentUrl\":\"https:\\\/\\\/hotel-kimmig.de\\\/wp-content\\\/uploads\\\/2020\\\/05\\\/KIMMIG-EMBLEM.png\",\"width\":580,\"height\":580,\"caption\":\"{:en}Restaurant Hotel Kimmig{:}{:de}Restaurant Hotel Kimmig{:}\"},\"image\":{\"@id\":\"https:\\\/\\\/hotel-kimmig.de\\\/#\\\/schema\\\/logo\\\/image\\\/\"},\"sameAs\":[\"https:\\\/\\\/de-de.facebook.com\\\/hotelkimmig\",\"https:\\\/\\\/www.instagram.com\\\/hotelkimmig\"]}]}<\/script>\n<!-- \/ Yoast SEO plugin. -->","yoast_head_json":{"title":"Datenschutz - Restaurant Hotel Kimmig","robots":{"index":"index","follow":"follow","max-snippet":"max-snippet:-1","max-image-preview":"max-image-preview:large","max-video-preview":"max-video-preview:-1"},"canonical":"https:\/\/hotel-kimmig.de\/datenschutz\/","og_locale":"en_US","og_type":"article","og_title":"Datenschutz - Restaurant Hotel Kimmig","og_url":"https:\/\/hotel-kimmig.de\/datenschutz\/","og_site_name":"Restaurant Hotel Kimmig","article_publisher":"https:\/\/de-de.facebook.com\/hotelkimmig","article_modified_time":"2024-12-19T19:31:12+00:00","og_image":[{"width":2400,"height":1600,"url":"https:\/\/hotel-kimmig.de\/wp-content\/uploads\/2024\/10\/IMG_7995-2.jpg","type":"image\/jpeg"}],"twitter_card":"summary_large_image","twitter_misc":{"Est. reading time":"9 minutes"},"schema":{"@context":"https:\/\/schema.org","@graph":[{"@type":"WebPage","@id":"https:\/\/hotel-kimmig.de\/datenschutz\/","url":"https:\/\/hotel-kimmig.de\/datenschutz\/","name":"Datenschutz - Restaurant Hotel Kimmig","isPartOf":{"@id":"https:\/\/hotel-kimmig.de\/#website"},"datePublished":"2020-05-14T17:04:31+00:00","dateModified":"2024-12-19T19:31:12+00:00","breadcrumb":{"@id":"https:\/\/hotel-kimmig.de\/datenschutz\/#breadcrumb"},"inLanguage":"en-US","potentialAction":[{"@type":"ReadAction","target":["https:\/\/hotel-kimmig.de\/datenschutz\/"]}]},{"@type":"BreadcrumbList","@id":"https:\/\/hotel-kimmig.de\/datenschutz\/#breadcrumb","itemListElement":[{"@type":"ListItem","position":1,"name":"Startseite","item":"https:\/\/hotel-kimmig.de\/"},{"@type":"ListItem","position":2,"name":"Datenschutz"}]},{"@type":"WebSite","@id":"https:\/\/hotel-kimmig.de\/#website","url":"https:\/\/hotel-kimmig.de\/","name":"{:en}Restaurant Hotel Kimmig{:}{:de}Restaurant Hotel Kimmig{:}","description":"Hier ist gut Gast sein","publisher":{"@id":"https:\/\/hotel-kimmig.de\/#organization"},"potentialAction":[{"@type":"SearchAction","target":{"@type":"EntryPoint","urlTemplate":"https:\/\/hotel-kimmig.de\/?s={search_term_string}"},"query-input":{"@type":"PropertyValueSpecification","valueRequired":true,"valueName":"search_term_string"}}],"inLanguage":"en-US"},{"@type":"Organization","@id":"https:\/\/hotel-kimmig.de\/#organization","name":"{:en}Restaurant Hotel Kimmig{:}{:de}Restaurant Hotel Kimmig{:}","url":"https:\/\/hotel-kimmig.de\/","logo":{"@type":"ImageObject","inLanguage":"en-US","@id":"https:\/\/hotel-kimmig.de\/#\/schema\/logo\/image\/","url":"https:\/\/hotel-kimmig.de\/wp-content\/uploads\/2020\/05\/KIMMIG-EMBLEM.png","contentUrl":"https:\/\/hotel-kimmig.de\/wp-content\/uploads\/2020\/05\/KIMMIG-EMBLEM.png","width":580,"height":580,"caption":"{:en}Restaurant Hotel Kimmig{:}{:de}Restaurant Hotel Kimmig{:}"},"image":{"@id":"https:\/\/hotel-kimmig.de\/#\/schema\/logo\/image\/"},"sameAs":["https:\/\/de-de.facebook.com\/hotelkimmig","https:\/\/www.instagram.com\/hotelkimmig"]}]}},"_links":{"self":[{"href":"https:\/\/hotel-kimmig.de\/en\/wp-json\/wp\/v2\/pages\/1072","targetHints":{"allow":["GET"]}}],"collection":[{"href":"https:\/\/hotel-kimmig.de\/en\/wp-json\/wp\/v2\/pages"}],"about":[{"href":"https:\/\/hotel-kimmig.de\/en\/wp-json\/wp\/v2\/types\/page"}],"author":[{"embeddable":true,"href":"https:\/\/hotel-kimmig.de\/en\/wp-json\/wp\/v2\/users\/1"}],"replies":[{"embeddable":true,"href":"https:\/\/hotel-kimmig.de\/en\/wp-json\/wp\/v2\/comments?post=1072"}],"version-history":[{"count":28,"href":"https:\/\/hotel-kimmig.de\/en\/wp-json\/wp\/v2\/pages\/1072\/revisions"}],"predecessor-version":[{"id":2451,"href":"https:\/\/hotel-kimmig.de\/en\/wp-json\/wp\/v2\/pages\/1072\/revisions\/2451"}],"wp:attachment":[{"href":"https:\/\/hotel-kimmig.de\/en\/wp-json\/wp\/v2\/media?parent=1072"}],"curies":[{"name":"wp","href":"https:\/\/api.w.org\/{rel}","templated":true}]}}